{"id":4850,"date":"2026-04-04T02:26:56","date_gmt":"2026-04-04T02:26:56","guid":{"rendered":"https:\/\/istanbulpropertyservices.com\/expat-banking\/"},"modified":"2026-04-15T22:22:19","modified_gmt":"2026-04-15T22:22:19","slug":"yabancilar-icin-bankacilik","status":"publish","type":"page","link":"https:\/\/istanbulpropertyservices.com\/tr\/yabancilar-icin-bankacilik\/","title":{"rendered":"Yabanc\u0131lar i\u00e7in Bankac\u0131l\u0131k"},"content":{"rendered":"\t\t<div data-elementor-type=\"wp-page\" data-elementor-id=\"4850\" class=\"elementor elementor-4850 elementor-4250\">\n\t\t\t\t\t\t<section class=\"elementor-section elementor-top-section elementor-element elementor-element-28a5a67 elementor-section-stretched elementor-section-boxed elementor-section-height-default elementor-section-height-default\" data-id=\"28a5a67\" data-element_type=\"section\" data-e-type=\"section\" data-settings=\"{&quot;stretch_section&quot;:&quot;section-stretched&quot;}\">\n\t\t\t\t\t\t<div class=\"elementor-container elementor-column-gap-extended\">\n\t\t\t\t\t<div class=\"elementor-column elementor-col-100 elementor-top-column elementor-element elementor-element-139804a\" data-id=\"139804a\" data-element_type=\"column\" data-e-type=\"column\">\n\t\t\t<div class=\"elementor-widget-wrap elementor-element-populated\">\n\t\t\t\t\t\t<div class=\"elementor-element elementor-element-79425f9 elementor-widget elementor-widget-heading\" data-id=\"79425f9\" data-element_type=\"widget\" data-e-type=\"widget\" data-widget_type=\"heading.default\">\n\t\t\t\t\t<h2 class=\"elementor-heading-title elementor-size-default\">Yabanc\u0131lar i\u00e7in Bankac\u0131l\u0131k<\/h2>\t\t\t\t<\/div>\n\t\t\t\t\t<\/div>\n\t\t<\/div>\n\t\t\t\t\t<\/div>\n\t\t<\/section>\n\t\t\t\t<section class=\"elementor-section elementor-top-section elementor-element elementor-element-9a24bd4 elementor-section-stretched elementor-section-boxed elementor-section-height-default elementor-section-height-default\" data-id=\"9a24bd4\" data-element_type=\"section\" data-e-type=\"section\" data-settings=\"{&quot;stretch_section&quot;:&quot;section-stretched&quot;}\">\n\t\t\t\t\t\t<div class=\"elementor-container elementor-column-gap-extended\">\n\t\t\t\t\t<div class=\"elementor-column elementor-col-50 elementor-top-column elementor-element elementor-element-d8105d7\" data-id=\"d8105d7\" data-element_type=\"column\" data-e-type=\"column\">\n\t\t\t<div class=\"elementor-widget-wrap elementor-element-populated\">\n\t\t\t\t\t\t<div class=\"elementor-element elementor-element-42e8df3 elementor-widget elementor-widget-text-editor\" data-id=\"42e8df3\" data-element_type=\"widget\" data-e-type=\"widget\" data-widget_type=\"text-editor.default\">\n\t\t\t\t\t\t\t\t\t<p style=\"text-align: justify;\">Yeni bir \u00fclkede banka hesab\u0131 a\u00e7mak ve y\u00f6netmek, \u00f6zellikle uluslararas\u0131 yat\u0131r\u0131mc\u0131lar ve yabanc\u0131lar i\u00e7in olduk\u00e7a karma\u015f\u0131k bir s\u00fcre\u00e7 olabilir. Istanbul Property Services olarak, bu s\u00fcreci kolayla\u015ft\u0131rmak i\u00e7in ihtiya\u00e7lar\u0131n\u0131za ve yat\u0131r\u0131m hedeflerinize \u00f6zel <b>expat bankac\u0131l\u0131k \u00e7\u00f6z\u00fcmleri<\/b> sunuyoruz.<\/p>\n\n<p style=\"text-align: justify;\">Profilinize en uygun banka ve \u015fubeyi belirleyerek hesap a\u00e7ma s\u00fcrecinin sorunsuz ve h\u0131zl\u0131 ilerlemesini sa\u011fl\u0131yoruz. Ekibimiz, g\u00fcvenilir finans kurulu\u015flar\u0131yla yak\u0131n \u00e7al\u0131\u015farak h\u0131zl\u0131, g\u00fcvenli ve yasalara uygun bankac\u0131l\u0131k i\u015flemlerini m\u00fcmk\u00fcn k\u0131lar.<\/p>\n\n<p style=\"text-align: justify;\">Hesap a\u00e7\u0131l\u0131\u015f\u0131n\u0131n \u00f6tesinde; uluslararas\u0131 para transferleri, gayrimenkul \u00f6demeleri ve yat\u0131r\u0131mlar\u0131n\u0131za ili\u015fkin finansal i\u015flemler dahil olmak \u00fczere t\u00fcm bankac\u0131l\u0131k s\u00fcre\u00e7leriniz i\u00e7in kapsaml\u0131 dan\u0131\u015fmanl\u0131k hizmeti sunuyoruz. Amac\u0131m\u0131z, T\u00fcrkiye\u2019de finansal stratejinize uygun, g\u00fcvenli ve sorunsuz bir bankac\u0131l\u0131k deneyimi sa\u011flamakt\u0131r.<\/p>\t\t\t\t\t\t\t\t<\/div>\n\t\t\t\t\t<\/div>\n\t\t<\/div>\n\t\t\t\t<div class=\"elementor-column elementor-col-50 elementor-top-column elementor-element elementor-element-53cf895\" data-id=\"53cf895\" data-element_type=\"column\" data-e-type=\"column\">\n\t\t\t<div class=\"elementor-widget-wrap elementor-element-populated\">\n\t\t\t\t\t\t\t\t\t\n\t\t\t<img class=\"e-image-base \" \n\t\t\t\t\tdata-interaction-id=\"1cfcd8c\" \n\t\t \n\t\t \n\t\t\t\t\t\t\t\t\tid=\"5496\"\n\t\t\t\t\t\t\t\t\t\t\t\tsrc=\"https:\/\/istanbulpropertyservices.com\/wp-content\/uploads\/2026\/04\/expat-banking.webp\"\n\t\t\t\t\t\t\t\t\t\t\t\twidth=\"1536\"\n\t\t\t\t\t\t\t\t\t\t\t\theight=\"1024\"\n\t\t\t\t\t\t\t\t\t\t\t\tsrcset=\"https:\/\/istanbulpropertyservices.com\/wp-content\/uploads\/2026\/04\/expat-banking.webp 1536w, https:\/\/istanbulpropertyservices.com\/wp-content\/uploads\/2026\/04\/expat-banking-300x200.webp 300w, https:\/\/istanbulpropertyservices.com\/wp-content\/uploads\/2026\/04\/expat-banking-1024x683.webp 1024w, https:\/\/istanbulpropertyservices.com\/wp-content\/uploads\/2026\/04\/expat-banking-768x512.webp 768w, https:\/\/istanbulpropertyservices.com\/wp-content\/uploads\/2026\/04\/expat-banking-600x400.webp 600w\"\n\t\t\t\t\t\t\t\t\t\t\t\talt=\"\"\n\t\t\t\t\t\t\/>\n\t\t\t\t\t\t<\/div>\n\t\t<\/div>\n\t\t\t\t\t<\/div>\n\t\t<\/section>\n\t\t\t\t<section class=\"elementor-section elementor-top-section elementor-element elementor-element-e1e390f elementor-section-stretched elementor-section-boxed elementor-section-height-default elementor-section-height-default\" data-id=\"e1e390f\" data-element_type=\"section\" data-e-type=\"section\" data-settings=\"{&quot;stretch_section&quot;:&quot;section-stretched&quot;,&quot;background_background&quot;:&quot;classic&quot;}\">\n\t\t\t\t\t\t<div class=\"elementor-container elementor-column-gap-extended\">\n\t\t\t\t\t<div class=\"elementor-column elementor-col-100 elementor-top-column elementor-element elementor-element-32af421\" data-id=\"32af421\" data-element_type=\"column\" data-e-type=\"column\">\n\t\t\t<div class=\"elementor-widget-wrap\">\n\t\t\t\t\t\t\t<\/div>\n\t\t<\/div>\n\t\t\t\t\t<\/div>\n\t\t<\/section>\n\t\t\t\t<section class=\"elementor-section elementor-top-section elementor-element elementor-element-7d4170b elementor-section-stretched elementor-section-content-middle elementor-section-boxed elementor-section-height-default elementor-section-height-default\" data-id=\"7d4170b\" data-element_type=\"section\" data-e-type=\"section\" data-settings=\"{&quot;stretch_section&quot;:&quot;section-stretched&quot;,&quot;background_background&quot;:&quot;classic&quot;}\">\n\t\t\t\t\t\t<div class=\"elementor-container elementor-column-gap-extended\">\n\t\t\t\t\t<div class=\"elementor-column elementor-col-50 elementor-top-column elementor-element elementor-element-5aed23b\" data-id=\"5aed23b\" data-element_type=\"column\" data-e-type=\"column\">\n\t\t\t<div class=\"elementor-widget-wrap elementor-element-populated\">\n\t\t\t\t\t\t<div class=\"elementor-element elementor-element-ebcc202 elementor-widget elementor-widget-heading\" data-id=\"ebcc202\" data-element_type=\"widget\" data-e-type=\"widget\" data-widget_type=\"heading.default\">\n\t\t\t\t\t<h2 class=\"elementor-heading-title elementor-size-default\">Size \u00d6zel Se\u00e7ilmi\u015f Ola\u011fan\u00fcst\u00fc M\u00fclkler<\/h2>\t\t\t\t<\/div>\n\t\t\t\t<div class=\"elementor-element elementor-element-049fff2 elementor-widget elementor-widget-heading\" data-id=\"049fff2\" data-element_type=\"widget\" data-e-type=\"widget\" data-widget_type=\"heading.default\">\n\t\t\t\t\t<div class=\"elementor-heading-title elementor-size-default\">Kalite, g\u00fcven ve ki\u015fiye \u00f6zel hizmete odaklanan, gayrimenkul sekt\u00f6r\u00fcne yepyeni bir bak\u0131\u015f a\u00e7\u0131s\u0131n\u0131 ke\u015ffedin.<\/div>\t\t\t\t<\/div>\n\t\t\t\t\t<\/div>\n\t\t<\/div>\n\t\t\t\t<div class=\"elementor-column elementor-col-50 elementor-top-column elementor-element elementor-element-0978001\" data-id=\"0978001\" data-element_type=\"column\" data-e-type=\"column\">\n\t\t\t<div class=\"elementor-widget-wrap elementor-element-populated\">\n\t\t\t\t\t\t<div class=\"elementor-element elementor-element-d0c6468 elementor-align-right elementor-mobile-align-left elementor-widget elementor-widget-button\" data-id=\"d0c6468\" data-element_type=\"widget\" data-e-type=\"widget\" data-widget_type=\"button.default\">\n\t\t\t\t\t\t\t\t\t\t<a class=\"elementor-button elementor-button-link elementor-size-md\" href=\"https:\/\/istanbulpropertyservices.com\/tr\/iletisim\/\">\n\t\t\t\t\t\t<span class=\"elementor-button-content-wrapper\">\n\t\t\t\t\t\t\t\t\t<span class=\"elementor-button-text\">Bize Ula\u015f\u0131n<\/span>\n\t\t\t\t\t<\/span>\n\t\t\t\t\t<\/a>\n\t\t\t\t\t\t\t\t<\/div>\n\t\t\t\t\t<\/div>\n\t\t<\/div>\n\t\t\t\t\t<\/div>\n\t\t<\/section>\n\t\t\t\t<\/div>\n\t\t","protected":false},"excerpt":{"rendered":"<p>Yabanc\u0131lar i\u00e7in Bankac\u0131l\u0131k Yeni bir \u00fclkede banka hesab\u0131 a\u00e7mak ve y\u00f6netmek, \u00f6zellikle uluslararas\u0131 yat\u0131r\u0131mc\u0131lar ve yabanc\u0131lar i\u00e7in olduk\u00e7a karma\u015f\u0131k bir s\u00fcre\u00e7 olabilir. Istanbul Property Services olarak, bu s\u00fcreci kolayla\u015ft\u0131rmak i\u00e7in ihtiya\u00e7lar\u0131n\u0131za ve yat\u0131r\u0131m hedeflerinize \u00f6zel expat bankac\u0131l\u0131k \u00e7\u00f6z\u00fcmleri sunuyoruz. Profilinize en uygun banka ve \u015fubeyi belirleyerek hesap a\u00e7ma s\u00fcrecinin sorunsuz ve h\u0131zl\u0131 ilerlemesini sa\u011fl\u0131yoruz. Ekibimiz, [&hellip;]<\/p>\n","protected":false},"author":1,"featured_media":0,"parent":0,"menu_order":0,"comment_status":"closed","ping_status":"closed","template":"","meta":{"footnotes":""},"class_list":["post-4850","page","type-page","status-publish","hentry"],"_links":{"self":[{"href":"https:\/\/istanbulpropertyservices.com\/tr\/wp-json\/wp\/v2\/pages\/4850","targetHints":{"allow":["GET"]}}],"collection":[{"href":"https:\/\/istanbulpropertyservices.com\/tr\/wp-json\/wp\/v2\/pages"}],"about":[{"href":"https:\/\/istanbulpropertyservices.com\/tr\/wp-json\/wp\/v2\/types\/page"}],"author":[{"embeddable":true,"href":"https:\/\/istanbulpropertyservices.com\/tr\/wp-json\/wp\/v2\/users\/1"}],"replies":[{"embeddable":true,"href":"https:\/\/istanbulpropertyservices.com\/tr\/wp-json\/wp\/v2\/comments?post=4850"}],"version-history":[{"count":11,"href":"https:\/\/istanbulpropertyservices.com\/tr\/wp-json\/wp\/v2\/pages\/4850\/revisions"}],"predecessor-version":[{"id":6391,"href":"https:\/\/istanbulpropertyservices.com\/tr\/wp-json\/wp\/v2\/pages\/4850\/revisions\/6391"}],"wp:attachment":[{"href":"https:\/\/istanbulpropertyservices.com\/tr\/wp-json\/wp\/v2\/media?parent=4850"}],"curies":[{"name":"wp","href":"https:\/\/api.w.org\/{rel}","templated":true}]}}