{"id":4846,"date":"2026-04-04T02:44:14","date_gmt":"2026-04-04T02:44:14","guid":{"rendered":"https:\/\/istanbulpropertyservices.com\/international-trade\/"},"modified":"2026-04-15T22:22:41","modified_gmt":"2026-04-15T22:22:41","slug":"uluslararasi-ticaret","status":"publish","type":"page","link":"https:\/\/istanbulpropertyservices.com\/tr\/uluslararasi-ticaret\/","title":{"rendered":"Uluslararas\u0131 Ticaret"},"content":{"rendered":"\t\t<div data-elementor-type=\"wp-page\" data-elementor-id=\"4846\" class=\"elementor elementor-4846 elementor-4271\">\n\t\t\t\t\t\t<section class=\"elementor-section elementor-top-section elementor-element elementor-element-28a5a67 elementor-section-stretched elementor-section-boxed elementor-section-height-default elementor-section-height-default\" data-id=\"28a5a67\" data-element_type=\"section\" data-e-type=\"section\" data-settings=\"{&quot;stretch_section&quot;:&quot;section-stretched&quot;}\">\n\t\t\t\t\t\t<div class=\"elementor-container elementor-column-gap-extended\">\n\t\t\t\t\t<div class=\"elementor-column elementor-col-100 elementor-top-column elementor-element elementor-element-139804a\" data-id=\"139804a\" data-element_type=\"column\" data-e-type=\"column\">\n\t\t\t<div class=\"elementor-widget-wrap elementor-element-populated\">\n\t\t\t\t\t\t<div class=\"elementor-element elementor-element-79425f9 elementor-widget elementor-widget-heading\" data-id=\"79425f9\" data-element_type=\"widget\" data-e-type=\"widget\" data-widget_type=\"heading.default\">\n\t\t\t\t\t<h2 class=\"elementor-heading-title elementor-size-default\">Uluslararas\u0131 Ticaret<\/h2>\t\t\t\t<\/div>\n\t\t\t\t\t<\/div>\n\t\t<\/div>\n\t\t\t\t\t<\/div>\n\t\t<\/section>\n\t\t\t\t<section class=\"elementor-section elementor-top-section elementor-element elementor-element-9a24bd4 elementor-section-stretched elementor-section-boxed elementor-section-height-default elementor-section-height-default\" data-id=\"9a24bd4\" data-element_type=\"section\" data-e-type=\"section\" data-settings=\"{&quot;stretch_section&quot;:&quot;section-stretched&quot;}\">\n\t\t\t\t\t\t<div class=\"elementor-container elementor-column-gap-extended\">\n\t\t\t\t\t<div class=\"elementor-column elementor-col-50 elementor-top-column elementor-element elementor-element-d8105d7\" data-id=\"d8105d7\" data-element_type=\"column\" data-e-type=\"column\">\n\t\t\t<div class=\"elementor-widget-wrap elementor-element-populated\">\n\t\t\t\t\t\t<div class=\"elementor-element elementor-element-42e8df3 elementor-widget elementor-widget-text-editor\" data-id=\"42e8df3\" data-element_type=\"widget\" data-e-type=\"widget\" data-widget_type=\"text-editor.default\">\n\t\t\t\t\t\t\t\t\t<p style=\"text-align: justify;\">Istanbul Property Services olarak, k\u00fcresel m\u00fc\u015fterilerimizi y\u00fcksek kaliteli T\u00fcrk \u00fcretimi \u00fcr\u00fcnler ve g\u00fcvenilir ihracat \u00e7\u00f6z\u00fcmleri ile bulu\u015fturarak uluslararas\u0131 ticareti kolayla\u015ft\u0131r\u0131yoruz. Hizmetimiz, T\u00fcrkiye ile uluslararas\u0131 pazarlar aras\u0131nda verimli, g\u00fcvenli ve \u00f6l\u00e7eklenebilir ticaret operasyonlar\u0131 y\u00fcr\u00fctmek isteyen i\u015fletmeler ve yat\u0131r\u0131mc\u0131lar i\u00e7in tasarlanm\u0131\u015ft\u0131r.<\/p>\n\n<p style=\"text-align: justify;\">G\u00fcvenilir \u00fcretici ve tedarik\u00e7i a\u011f\u0131m\u0131zla \u00e7al\u0131\u015farak t\u00fcm \u00fcr\u00fcnlerin y\u00fcksek kalite, uyumluluk ve s\u00fcreklilik standartlar\u0131n\u0131 kar\u015f\u0131lamas\u0131n\u0131 sa\u011fl\u0131yoruz. \u00dcr\u00fcn tedarikinden teslimata kadar t\u00fcm ihracat s\u00fcrecini; lojistik koordinasyonu, dok\u00fcmantasyon ve g\u00fcmr\u00fck i\u015flemleri dahil olmak \u00fczere titizlikle y\u00f6netiyoruz.<\/p>\n\n<p style=\"text-align: justify;\">Amac\u0131m\u0131z, m\u00fc\u015fterilerimizin operasyonel karma\u015f\u0131kl\u0131\u011f\u0131n\u0131 en aza indirerek T\u00fcrkiye\u2019den do\u011frudan y\u00fcksek kaliteli \u00fcr\u00fcnlere eri\u015fmesini sa\u011flayan sorunsuz ve \u015feffaf bir ticaret deneyimi sunmakt\u0131r. \u0130ster ticari da\u011f\u0131t\u0131m ister yat\u0131r\u0131m ama\u00e7l\u0131 olsun, uluslararas\u0131 ticaret faaliyetlerinizin profesyonel, g\u00fcvenilir ve stratejik bir \u015fekilde y\u00fcr\u00fct\u00fclmesini sa\u011fl\u0131yoruz.<\/p>\t\t\t\t\t\t\t\t<\/div>\n\t\t\t\t\t<\/div>\n\t\t<\/div>\n\t\t\t\t<div class=\"elementor-column elementor-col-50 elementor-top-column elementor-element elementor-element-53cf895\" data-id=\"53cf895\" data-element_type=\"column\" data-e-type=\"column\">\n\t\t\t<div class=\"elementor-widget-wrap elementor-element-populated\">\n\t\t\t\t\t\t\t\t\t\n\t\t\t<img class=\"e-image-base \" \n\t\t\t\t\tdata-interaction-id=\"1cfcd8c\" \n\t\t \n\t\t \n\t\t\t\t\t\t\t\t\tid=\"5493\"\n\t\t\t\t\t\t\t\t\t\t\t\tsrc=\"https:\/\/istanbulpropertyservices.com\/wp-content\/uploads\/2026\/04\/international-trade.webp\"\n\t\t\t\t\t\t\t\t\t\t\t\twidth=\"1536\"\n\t\t\t\t\t\t\t\t\t\t\t\theight=\"1024\"\n\t\t\t\t\t\t\t\t\t\t\t\tsrcset=\"https:\/\/istanbulpropertyservices.com\/wp-content\/uploads\/2026\/04\/international-trade.webp 1536w, https:\/\/istanbulpropertyservices.com\/wp-content\/uploads\/2026\/04\/international-trade-300x200.webp 300w, https:\/\/istanbulpropertyservices.com\/wp-content\/uploads\/2026\/04\/international-trade-1024x683.webp 1024w, https:\/\/istanbulpropertyservices.com\/wp-content\/uploads\/2026\/04\/international-trade-768x512.webp 768w, https:\/\/istanbulpropertyservices.com\/wp-content\/uploads\/2026\/04\/international-trade-600x400.webp 600w\"\n\t\t\t\t\t\t\t\t\t\t\t\talt=\"\"\n\t\t\t\t\t\t\/>\n\t\t\t\t\t\t<\/div>\n\t\t<\/div>\n\t\t\t\t\t<\/div>\n\t\t<\/section>\n\t\t\t\t<section class=\"elementor-section elementor-top-section elementor-element elementor-element-e1e390f elementor-section-stretched elementor-section-boxed elementor-section-height-default elementor-section-height-default\" data-id=\"e1e390f\" data-element_type=\"section\" data-e-type=\"section\" data-settings=\"{&quot;stretch_section&quot;:&quot;section-stretched&quot;,&quot;background_background&quot;:&quot;classic&quot;}\">\n\t\t\t\t\t\t<div class=\"elementor-container elementor-column-gap-extended\">\n\t\t\t\t\t<div class=\"elementor-column elementor-col-100 elementor-top-column elementor-element elementor-element-32af421\" data-id=\"32af421\" data-element_type=\"column\" data-e-type=\"column\">\n\t\t\t<div class=\"elementor-widget-wrap\">\n\t\t\t\t\t\t\t<\/div>\n\t\t<\/div>\n\t\t\t\t\t<\/div>\n\t\t<\/section>\n\t\t\t\t<section class=\"elementor-section elementor-top-section elementor-element elementor-element-25a7884 elementor-section-stretched elementor-section-content-middle elementor-section-boxed elementor-section-height-default elementor-section-height-default\" data-id=\"25a7884\" data-element_type=\"section\" data-e-type=\"section\" data-settings=\"{&quot;stretch_section&quot;:&quot;section-stretched&quot;,&quot;background_background&quot;:&quot;classic&quot;}\">\n\t\t\t\t\t\t<div class=\"elementor-container elementor-column-gap-extended\">\n\t\t\t\t\t<div class=\"elementor-column elementor-col-50 elementor-top-column elementor-element elementor-element-5801b87\" data-id=\"5801b87\" data-element_type=\"column\" data-e-type=\"column\">\n\t\t\t<div class=\"elementor-widget-wrap elementor-element-populated\">\n\t\t\t\t\t\t<div class=\"elementor-element elementor-element-54cc563 elementor-widget elementor-widget-heading\" data-id=\"54cc563\" data-element_type=\"widget\" data-e-type=\"widget\" data-widget_type=\"heading.default\">\n\t\t\t\t\t<h2 class=\"elementor-heading-title elementor-size-default\">Size \u00d6zel Se\u00e7ilmi\u015f Ola\u011fan\u00fcst\u00fc M\u00fclkler<\/h2>\t\t\t\t<\/div>\n\t\t\t\t<div class=\"elementor-element elementor-element-e98c55c elementor-widget elementor-widget-heading\" data-id=\"e98c55c\" data-element_type=\"widget\" data-e-type=\"widget\" data-widget_type=\"heading.default\">\n\t\t\t\t\t<div class=\"elementor-heading-title elementor-size-default\">Kalite, g\u00fcven ve ki\u015fiye \u00f6zel hizmete odaklanan, gayrimenkul sekt\u00f6r\u00fcne yepyeni bir bak\u0131\u015f a\u00e7\u0131s\u0131n\u0131 ke\u015ffedin.<\/div>\t\t\t\t<\/div>\n\t\t\t\t\t<\/div>\n\t\t<\/div>\n\t\t\t\t<div class=\"elementor-column elementor-col-50 elementor-top-column elementor-element elementor-element-5fbbf1d\" data-id=\"5fbbf1d\" data-element_type=\"column\" data-e-type=\"column\">\n\t\t\t<div class=\"elementor-widget-wrap elementor-element-populated\">\n\t\t\t\t\t\t<div class=\"elementor-element elementor-element-22a10da elementor-align-right elementor-mobile-align-left elementor-widget elementor-widget-button\" data-id=\"22a10da\" data-element_type=\"widget\" data-e-type=\"widget\" data-widget_type=\"button.default\">\n\t\t\t\t\t\t\t\t\t\t<a class=\"elementor-button elementor-button-link elementor-size-md\" href=\"https:\/\/istanbulpropertyservices.com\/tr\/iletisim\/\">\n\t\t\t\t\t\t<span class=\"elementor-button-content-wrapper\">\n\t\t\t\t\t\t\t\t\t<span class=\"elementor-button-text\">Bize Ula\u015f\u0131n<\/span>\n\t\t\t\t\t<\/span>\n\t\t\t\t\t<\/a>\n\t\t\t\t\t\t\t\t<\/div>\n\t\t\t\t\t<\/div>\n\t\t<\/div>\n\t\t\t\t\t<\/div>\n\t\t<\/section>\n\t\t\t\t<\/div>\n\t\t","protected":false},"excerpt":{"rendered":"<p>Uluslararas\u0131 Ticaret Istanbul Property Services olarak, k\u00fcresel m\u00fc\u015fterilerimizi y\u00fcksek kaliteli T\u00fcrk \u00fcretimi \u00fcr\u00fcnler ve g\u00fcvenilir ihracat \u00e7\u00f6z\u00fcmleri ile bulu\u015fturarak uluslararas\u0131 ticareti kolayla\u015ft\u0131r\u0131yoruz. Hizmetimiz, T\u00fcrkiye ile uluslararas\u0131 pazarlar aras\u0131nda verimli, g\u00fcvenli ve \u00f6l\u00e7eklenebilir ticaret operasyonlar\u0131 y\u00fcr\u00fctmek isteyen i\u015fletmeler ve yat\u0131r\u0131mc\u0131lar i\u00e7in tasarlanm\u0131\u015ft\u0131r. G\u00fcvenilir \u00fcretici ve tedarik\u00e7i a\u011f\u0131m\u0131zla \u00e7al\u0131\u015farak t\u00fcm \u00fcr\u00fcnlerin y\u00fcksek kalite, uyumluluk ve s\u00fcreklilik standartlar\u0131n\u0131 [&hellip;]<\/p>\n","protected":false},"author":1,"featured_media":0,"parent":0,"menu_order":0,"comment_status":"closed","ping_status":"closed","template":"","meta":{"footnotes":""},"class_list":["post-4846","page","type-page","status-publish","hentry"],"_links":{"self":[{"href":"https:\/\/istanbulpropertyservices.com\/tr\/wp-json\/wp\/v2\/pages\/4846","targetHints":{"allow":["GET"]}}],"collection":[{"href":"https:\/\/istanbulpropertyservices.com\/tr\/wp-json\/wp\/v2\/pages"}],"about":[{"href":"https:\/\/istanbulpropertyservices.com\/tr\/wp-json\/wp\/v2\/types\/page"}],"author":[{"embeddable":true,"href":"https:\/\/istanbulpropertyservices.com\/tr\/wp-json\/wp\/v2\/users\/1"}],"replies":[{"embeddable":true,"href":"https:\/\/istanbulpropertyservices.com\/tr\/wp-json\/wp\/v2\/comments?post=4846"}],"version-history":[{"count":11,"href":"https:\/\/istanbulpropertyservices.com\/tr\/wp-json\/wp\/v2\/pages\/4846\/revisions"}],"predecessor-version":[{"id":6394,"href":"https:\/\/istanbulpropertyservices.com\/tr\/wp-json\/wp\/v2\/pages\/4846\/revisions\/6394"}],"wp:attachment":[{"href":"https:\/\/istanbulpropertyservices.com\/tr\/wp-json\/wp\/v2\/media?parent=4846"}],"curies":[{"name":"wp","href":"https:\/\/api.w.org\/{rel}","templated":true}]}}