{"id":4838,"date":"2026-04-04T02:54:10","date_gmt":"2026-04-04T02:54:10","guid":{"rendered":"https:\/\/istanbulpropertyservices.com\/sightseeing-organisations\/"},"modified":"2026-04-15T22:19:40","modified_gmt":"2026-04-15T22:19:40","slug":"turistik-yerler-ve-kuruluslar","status":"publish","type":"page","link":"https:\/\/istanbulpropertyservices.com\/tr\/turistik-yerler-ve-kuruluslar\/","title":{"rendered":"Turistik Yerler ve Kurulu\u015flar"},"content":{"rendered":"\t\t<div data-elementor-type=\"wp-page\" data-elementor-id=\"4838\" class=\"elementor elementor-4838 elementor-4289\">\n\t\t\t\t\t\t<section class=\"elementor-section elementor-top-section elementor-element elementor-element-28a5a67 elementor-section-stretched elementor-section-boxed elementor-section-height-default elementor-section-height-default\" data-id=\"28a5a67\" data-element_type=\"section\" data-e-type=\"section\" data-settings=\"{&quot;stretch_section&quot;:&quot;section-stretched&quot;}\">\n\t\t\t\t\t\t<div class=\"elementor-container elementor-column-gap-extended\">\n\t\t\t\t\t<div class=\"elementor-column elementor-col-100 elementor-top-column elementor-element elementor-element-139804a\" data-id=\"139804a\" data-element_type=\"column\" data-e-type=\"column\">\n\t\t\t<div class=\"elementor-widget-wrap elementor-element-populated\">\n\t\t\t\t\t\t<div class=\"elementor-element elementor-element-79425f9 elementor-widget elementor-widget-heading\" data-id=\"79425f9\" data-element_type=\"widget\" data-e-type=\"widget\" data-widget_type=\"heading.default\">\n\t\t\t\t\t<h2 class=\"elementor-heading-title elementor-size-default\">\u0130stanbul'da Gezilecek Yerler ve Kurulu\u015flar<\/h2>\t\t\t\t<\/div>\n\t\t\t\t\t<\/div>\n\t\t<\/div>\n\t\t\t\t\t<\/div>\n\t\t<\/section>\n\t\t\t\t<section class=\"elementor-section elementor-top-section elementor-element elementor-element-9a24bd4 elementor-section-stretched elementor-section-boxed elementor-section-height-default elementor-section-height-default\" data-id=\"9a24bd4\" data-element_type=\"section\" data-e-type=\"section\" data-settings=\"{&quot;stretch_section&quot;:&quot;section-stretched&quot;}\">\n\t\t\t\t\t\t<div class=\"elementor-container elementor-column-gap-extended\">\n\t\t\t\t\t<div class=\"elementor-column elementor-col-50 elementor-top-column elementor-element elementor-element-d8105d7\" data-id=\"d8105d7\" data-element_type=\"column\" data-e-type=\"column\">\n\t\t\t<div class=\"elementor-widget-wrap elementor-element-populated\">\n\t\t\t\t\t\t<div class=\"elementor-element elementor-element-42e8df3 elementor-widget elementor-widget-text-editor\" data-id=\"42e8df3\" data-element_type=\"widget\" data-e-type=\"widget\" data-widget_type=\"text-editor.default\">\n\t\t\t\t\t\t\t\t\t<p style=\"text-align: justify;\" data-start=\u201c159\u201d data-end=\u201c483\u201d>Ya\u015fam tarz\u0131n\u0131za ve beklentilerinize uygun olarak tasarlanm\u0131\u015f, \u00f6zenle haz\u0131rlanm\u0131\u015f ve ki\u015fiselle\u015ftirilmi\u015f bir deneyimle \u0130stanbul&#8217;u ke\u015ffedin. Istanbul Property Services olarak, hem konfor hem de \u00f6zg\u00fcnl\u00fck arayan uluslararas\u0131 m\u00fc\u015fterilerimiz i\u00e7in \u00f6zel olarak tasarlanm\u0131\u015f gezi ve organizasyon hizmetleri sunuyoruz.<\/p>\n<p style=\"text-align: justify;\" data-start=\u201c485\u201d data-end=\u201c836\u201d>\u0130ster \u015fehri ilk kez ziyaret ediyor olun, ister daha uzun bir konaklama planl\u0131yor olun, \u0130stanbul&#8217;un tarih, l\u00fcks ve modern ya\u015fam\u0131n benzersiz kar\u0131\u015f\u0131m\u0131n\u0131 \u00f6ne \u00e7\u0131karan \u00f6zel turlar, k\u00fclt\u00fcrel deneyimler ve \u015fehir ke\u015fifleri d\u00fczenliyoruz. Ekibimiz, ula\u015f\u0131m ve rezervasyonlardan uzman yerel rehberli\u011fe kadar her ayr\u0131nt\u0131n\u0131n \u00f6zenle ayarlanmas\u0131n\u0131 sa\u011flar.<\/p>\n<p style=\"text-align: justify;\" data-start=\u201c838\u201d data-end=\u201c1120\u201d>Gezilerimizin yan\u0131 s\u0131ra, toplant\u0131, etkinlik ve \u00f6zel d\u00fczenlemeler i\u00e7in profesyonel destek de sa\u011fl\u0131yoruz. \u0130ster i\u015f ister ki\u015fisel ama\u00e7l\u0131 olsun, lojisti\u011fi biz hallederken sizin deneyiminize odaklanabilmeniz i\u00e7in kusursuz ve gizli bir koordinasyon sunuyoruz.<\/p>\n<p style=\"text-align: justify;\" data-start=\u201c1122\u201d data-end=\u201c1252\u201d>Amac\u0131m\u0131z, sadece bir hizmet sunmakla kalmay\u0131p, markam\u0131z\u0131n kalitesini ve standartlar\u0131n\u0131 yans\u0131tan se\u00e7kin deneyimler yaratmakt\u0131r.<\/p>\t\t\t\t\t\t\t\t<\/div>\n\t\t\t\t\t<\/div>\n\t\t<\/div>\n\t\t\t\t<div class=\"elementor-column elementor-col-50 elementor-top-column elementor-element elementor-element-53cf895\" data-id=\"53cf895\" data-element_type=\"column\" data-e-type=\"column\">\n\t\t\t<div class=\"elementor-widget-wrap elementor-element-populated\">\n\t\t\t\t\t\t\t\t\t\n\t\t\t<img class=\"e-image-base \" \n\t\t\t\t\tdata-interaction-id=\"1cfcd8c\" \n\t\t \n\t\t \n\t\t\t\t\t\t\t\t\tid=\"5480\"\n\t\t\t\t\t\t\t\t\t\t\t\tsrc=\"https:\/\/istanbulpropertyservices.com\/wp-content\/uploads\/2026\/04\/sightseeing-organisations.webp\"\n\t\t\t\t\t\t\t\t\t\t\t\twidth=\"1536\"\n\t\t\t\t\t\t\t\t\t\t\t\theight=\"1024\"\n\t\t\t\t\t\t\t\t\t\t\t\tsrcset=\"https:\/\/istanbulpropertyservices.com\/wp-content\/uploads\/2026\/04\/sightseeing-organisations.webp 1536w, https:\/\/istanbulpropertyservices.com\/wp-content\/uploads\/2026\/04\/sightseeing-organisations-300x200.webp 300w, https:\/\/istanbulpropertyservices.com\/wp-content\/uploads\/2026\/04\/sightseeing-organisations-1024x683.webp 1024w, https:\/\/istanbulpropertyservices.com\/wp-content\/uploads\/2026\/04\/sightseeing-organisations-768x512.webp 768w, https:\/\/istanbulpropertyservices.com\/wp-content\/uploads\/2026\/04\/sightseeing-organisations-600x400.webp 600w\"\n\t\t\t\t\t\t\t\t\t\t\t\talt=\"\"\n\t\t\t\t\t\t\/>\n\t\t\t\t\t\t<\/div>\n\t\t<\/div>\n\t\t\t\t\t<\/div>\n\t\t<\/section>\n\t\t\t\t<section class=\"elementor-section elementor-top-section elementor-element elementor-element-e1e390f elementor-section-stretched elementor-section-boxed elementor-section-height-default elementor-section-height-default\" data-id=\"e1e390f\" data-element_type=\"section\" data-e-type=\"section\" data-settings=\"{&quot;stretch_section&quot;:&quot;section-stretched&quot;,&quot;background_background&quot;:&quot;classic&quot;}\">\n\t\t\t\t\t\t<div class=\"elementor-container elementor-column-gap-extended\">\n\t\t\t\t\t<div class=\"elementor-column elementor-col-100 elementor-top-column elementor-element elementor-element-32af421\" data-id=\"32af421\" data-element_type=\"column\" data-e-type=\"column\">\n\t\t\t<div class=\"elementor-widget-wrap\">\n\t\t\t\t\t\t\t<\/div>\n\t\t<\/div>\n\t\t\t\t\t<\/div>\n\t\t<\/section>\n\t\t\t\t<section class=\"elementor-section elementor-top-section elementor-element elementor-element-728cd27 elementor-section-stretched elementor-section-content-middle elementor-section-boxed elementor-section-height-default elementor-section-height-default\" data-id=\"728cd27\" data-element_type=\"section\" data-e-type=\"section\" data-settings=\"{&quot;stretch_section&quot;:&quot;section-stretched&quot;,&quot;background_background&quot;:&quot;classic&quot;}\">\n\t\t\t\t\t\t<div class=\"elementor-container elementor-column-gap-extended\">\n\t\t\t\t\t<div class=\"elementor-column elementor-col-50 elementor-top-column elementor-element elementor-element-ad10968\" data-id=\"ad10968\" data-element_type=\"column\" data-e-type=\"column\">\n\t\t\t<div class=\"elementor-widget-wrap elementor-element-populated\">\n\t\t\t\t\t\t<div class=\"elementor-element elementor-element-60c22c0 elementor-widget elementor-widget-heading\" data-id=\"60c22c0\" data-element_type=\"widget\" data-e-type=\"widget\" data-widget_type=\"heading.default\">\n\t\t\t\t\t<h2 class=\"elementor-heading-title elementor-size-default\">Size \u00d6zel Se\u00e7ilmi\u015f Ola\u011fan\u00fcst\u00fc M\u00fclkler<\/h2>\t\t\t\t<\/div>\n\t\t\t\t<div class=\"elementor-element elementor-element-c1a861e elementor-widget elementor-widget-heading\" data-id=\"c1a861e\" data-element_type=\"widget\" data-e-type=\"widget\" data-widget_type=\"heading.default\">\n\t\t\t\t\t<div class=\"elementor-heading-title elementor-size-default\">Kalite, g\u00fcven ve ki\u015fiye \u00f6zel hizmete odaklanan, gayrimenkul sekt\u00f6r\u00fcne yepyeni bir bak\u0131\u015f a\u00e7\u0131s\u0131n\u0131 ke\u015ffedin.<\/div>\t\t\t\t<\/div>\n\t\t\t\t\t<\/div>\n\t\t<\/div>\n\t\t\t\t<div class=\"elementor-column elementor-col-50 elementor-top-column elementor-element elementor-element-de13ff0\" data-id=\"de13ff0\" data-element_type=\"column\" data-e-type=\"column\">\n\t\t\t<div class=\"elementor-widget-wrap elementor-element-populated\">\n\t\t\t\t\t\t<div class=\"elementor-element elementor-element-2bb13e1 elementor-align-right elementor-mobile-align-left elementor-widget elementor-widget-button\" data-id=\"2bb13e1\" data-element_type=\"widget\" data-e-type=\"widget\" data-widget_type=\"button.default\">\n\t\t\t\t\t\t\t\t\t\t<a class=\"elementor-button elementor-button-link elementor-size-md\" href=\"https:\/\/istanbulpropertyservices.com\/tr\/iletisim\/\">\n\t\t\t\t\t\t<span class=\"elementor-button-content-wrapper\">\n\t\t\t\t\t\t\t\t\t<span class=\"elementor-button-text\">Bize Ula\u015f\u0131n<\/span>\n\t\t\t\t\t<\/span>\n\t\t\t\t\t<\/a>\n\t\t\t\t\t\t\t\t<\/div>\n\t\t\t\t\t<\/div>\n\t\t<\/div>\n\t\t\t\t\t<\/div>\n\t\t<\/section>\n\t\t\t\t<\/div>\n\t\t","protected":false},"excerpt":{"rendered":"<p>\u0130stanbul&#8217;da Gezilecek Yerler ve Kurulu\u015flar Ya\u015fam tarz\u0131n\u0131za ve beklentilerinize uygun olarak tasarlanm\u0131\u015f, \u00f6zenle haz\u0131rlanm\u0131\u015f ve ki\u015fiselle\u015ftirilmi\u015f bir deneyimle \u0130stanbul&#8217;u ke\u015ffedin. Istanbul Property Services olarak, hem konfor hem de \u00f6zg\u00fcnl\u00fck arayan uluslararas\u0131 m\u00fc\u015fterilerimiz i\u00e7in \u00f6zel olarak tasarlanm\u0131\u015f gezi ve organizasyon hizmetleri sunuyoruz. \u0130ster \u015fehri ilk kez ziyaret ediyor olun, ister daha uzun bir konaklama planl\u0131yor olun, [&hellip;]<\/p>\n","protected":false},"author":1,"featured_media":0,"parent":0,"menu_order":0,"comment_status":"closed","ping_status":"closed","template":"","meta":{"footnotes":""},"class_list":["post-4838","page","type-page","status-publish","hentry"],"_links":{"self":[{"href":"https:\/\/istanbulpropertyservices.com\/tr\/wp-json\/wp\/v2\/pages\/4838","targetHints":{"allow":["GET"]}}],"collection":[{"href":"https:\/\/istanbulpropertyservices.com\/tr\/wp-json\/wp\/v2\/pages"}],"about":[{"href":"https:\/\/istanbulpropertyservices.com\/tr\/wp-json\/wp\/v2\/types\/page"}],"author":[{"embeddable":true,"href":"https:\/\/istanbulpropertyservices.com\/tr\/wp-json\/wp\/v2\/users\/1"}],"replies":[{"embeddable":true,"href":"https:\/\/istanbulpropertyservices.com\/tr\/wp-json\/wp\/v2\/comments?post=4838"}],"version-history":[{"count":11,"href":"https:\/\/istanbulpropertyservices.com\/tr\/wp-json\/wp\/v2\/pages\/4838\/revisions"}],"predecessor-version":[{"id":6385,"href":"https:\/\/istanbulpropertyservices.com\/tr\/wp-json\/wp\/v2\/pages\/4838\/revisions\/6385"}],"wp:attachment":[{"href":"https:\/\/istanbulpropertyservices.com\/tr\/wp-json\/wp\/v2\/media?parent=4838"}],"curies":[{"name":"wp","href":"https:\/\/api.w.org\/{rel}","templated":true}]}}