{"id":4828,"date":"2026-04-04T02:24:23","date_gmt":"2026-04-04T02:24:23","guid":{"rendered":"https:\/\/istanbulpropertyservices.com\/need-appraisal-report-of-a-property\/"},"modified":"2026-04-15T21:51:59","modified_gmt":"2026-04-15T21:51:59","slug":"bir-gayrimenkulun-degerleme-raporuna-mi-ihtiyaciniz-var","status":"publish","type":"page","link":"https:\/\/istanbulpropertyservices.com\/tr\/bir-gayrimenkulun-degerleme-raporuna-mi-ihtiyaciniz-var\/","title":{"rendered":"Bir gayrimenkul\u00fcn de\u011ferleme raporuna m\u0131 ihtiyac\u0131n\u0131z var?"},"content":{"rendered":"\t\t<div data-elementor-type=\"wp-page\" data-elementor-id=\"4828\" class=\"elementor elementor-4828 elementor-4240\">\n\t\t\t\t\t\t<section class=\"elementor-section elementor-top-section elementor-element elementor-element-28a5a67 elementor-section-stretched elementor-section-boxed elementor-section-height-default elementor-section-height-default\" data-id=\"28a5a67\" data-element_type=\"section\" data-e-type=\"section\" data-settings=\"{&quot;stretch_section&quot;:&quot;section-stretched&quot;}\">\n\t\t\t\t\t\t<div class=\"elementor-container elementor-column-gap-extended\">\n\t\t\t\t\t<div class=\"elementor-column elementor-col-100 elementor-top-column elementor-element elementor-element-139804a\" data-id=\"139804a\" data-element_type=\"column\" data-e-type=\"column\">\n\t\t\t<div class=\"elementor-widget-wrap elementor-element-populated\">\n\t\t\t\t\t\t<div class=\"elementor-element elementor-element-79425f9 elementor-widget elementor-widget-heading\" data-id=\"79425f9\" data-element_type=\"widget\" data-e-type=\"widget\" data-widget_type=\"heading.default\">\n\t\t\t\t\t<h2 class=\"elementor-heading-title elementor-size-default\">Bir gayrimenkul\u00fcn de\u011ferleme raporuna m\u0131 ihtiyac\u0131n\u0131z var?<\/h2>\t\t\t\t<\/div>\n\t\t\t\t\t<\/div>\n\t\t<\/div>\n\t\t\t\t\t<\/div>\n\t\t<\/section>\n\t\t\t\t<section class=\"elementor-section elementor-top-section elementor-element elementor-element-9a24bd4 elementor-section-stretched elementor-section-boxed elementor-section-height-default elementor-section-height-default\" data-id=\"9a24bd4\" data-element_type=\"section\" data-e-type=\"section\" data-settings=\"{&quot;stretch_section&quot;:&quot;section-stretched&quot;}\">\n\t\t\t\t\t\t<div class=\"elementor-container elementor-column-gap-extended\">\n\t\t\t\t\t<div class=\"elementor-column elementor-col-50 elementor-top-column elementor-element elementor-element-d8105d7\" data-id=\"d8105d7\" data-element_type=\"column\" data-e-type=\"column\">\n\t\t\t<div class=\"elementor-widget-wrap elementor-element-populated\">\n\t\t\t\t\t\t<div class=\"elementor-element elementor-element-42e8df3 elementor-widget elementor-widget-text-editor\" data-id=\"42e8df3\" data-element_type=\"widget\" data-e-type=\"widget\" data-widget_type=\"text-editor.default\">\n\t\t\t\t\t\t\t\t\t<p style=\"text-align: justify;\">Do\u011fru ve resmi olarak tan\u0131nan bir gayrimenkul de\u011ferleme raporu almak, \u00f6zellikle uluslararas\u0131 yat\u0131r\u0131mc\u0131lar ve vatanda\u015fl\u0131k veya oturum ba\u015fvurular\u0131 gibi yasal s\u00fcre\u00e7ler i\u00e7in, t\u00fcm gayrimenkul i\u015flemlerinde kritik bir ad\u0131md\u0131r.<\/p>\n\n<p style=\"text-align: justify;\">Istanbul Property Services olarak, Sermaye Piyasas\u0131 Kurulu (SPK) taraf\u0131ndan yetkilendirilmi\u015f firmalar taraf\u0131ndan d\u00fczenlenen de\u011ferleme raporlar\u0131 sunuyoruz. S\u00fcrece dahil olan t\u00fcm de\u011ferleme uzmanlar\u0131 resmi olarak lisansl\u0131 ve SPK sertifikal\u0131d\u0131r; bu da g\u00fcvenilirlik, \u015feffafl\u0131k ve profesyonel b\u00fct\u00fcnl\u00fc\u011f\u00fc garanti eder.<\/p>\n\n<p style=\"text-align: justify;\">De\u011ferleme hizmetlerimiz; g\u00fcncel piyasa verileri, konum analizi ve gayrimenkule \u00f6zg\u00fc fakt\u00f6rlere dayanarak do\u011fru piyasa de\u011feri tespiti sunmak \u00fczere tasarlanm\u0131\u015ft\u0131r. \u0130ster yat\u0131r\u0131m de\u011ferlendirmesi, ister yasal i\u015flemler, ister finansal planlama i\u00e7in olsun, raporlar\u0131n\u0131z\u0131n t\u00fcm kurumsal ve resmi gereklilikleri kar\u015f\u0131lamas\u0131n\u0131 sa\u011fl\u0131yoruz.<\/p>\n\n<p style=\"text-align: justify;\">Kolayl\u0131k sa\u011flamak amac\u0131yla de\u011ferleme raporlar\u0131, uluslararas\u0131 i\u015flemler ve belgelerde sorunsuz kullan\u0131m i\u00e7in birden fazla dilde de sunulabilmektedir.<\/p>\t\t\t\t\t\t\t\t<\/div>\n\t\t\t\t\t<\/div>\n\t\t<\/div>\n\t\t\t\t<div class=\"elementor-column elementor-col-50 elementor-top-column elementor-element elementor-element-53cf895\" data-id=\"53cf895\" data-element_type=\"column\" data-e-type=\"column\">\n\t\t\t<div class=\"elementor-widget-wrap elementor-element-populated\">\n\t\t\t\t\t\t\t\t\t\n\t\t\t<img class=\"e-image-base \" \n\t\t\t\t\tdata-interaction-id=\"1cfcd8c\" \n\t\t \n\t\t \n\t\t\t\t\t\t\t\t\tid=\"5490\"\n\t\t\t\t\t\t\t\t\t\t\t\tsrc=\"https:\/\/istanbulpropertyservices.com\/wp-content\/uploads\/2026\/04\/need-appraisal-report-of-a-property.webp\"\n\t\t\t\t\t\t\t\t\t\t\t\twidth=\"1536\"\n\t\t\t\t\t\t\t\t\t\t\t\theight=\"1024\"\n\t\t\t\t\t\t\t\t\t\t\t\tsrcset=\"https:\/\/istanbulpropertyservices.com\/wp-content\/uploads\/2026\/04\/need-appraisal-report-of-a-property.webp 1536w, https:\/\/istanbulpropertyservices.com\/wp-content\/uploads\/2026\/04\/need-appraisal-report-of-a-property-300x200.webp 300w, https:\/\/istanbulpropertyservices.com\/wp-content\/uploads\/2026\/04\/need-appraisal-report-of-a-property-1024x683.webp 1024w, https:\/\/istanbulpropertyservices.com\/wp-content\/uploads\/2026\/04\/need-appraisal-report-of-a-property-768x512.webp 768w, https:\/\/istanbulpropertyservices.com\/wp-content\/uploads\/2026\/04\/need-appraisal-report-of-a-property-600x400.webp 600w\"\n\t\t\t\t\t\t\t\t\t\t\t\talt=\"\"\n\t\t\t\t\t\t\/>\n\t\t\t\t\t\t<\/div>\n\t\t<\/div>\n\t\t\t\t\t<\/div>\n\t\t<\/section>\n\t\t\t\t<section class=\"elementor-section elementor-top-section elementor-element elementor-element-e1e390f elementor-section-stretched elementor-section-boxed elementor-section-height-default elementor-section-height-default\" data-id=\"e1e390f\" data-element_type=\"section\" data-e-type=\"section\" data-settings=\"{&quot;stretch_section&quot;:&quot;section-stretched&quot;,&quot;background_background&quot;:&quot;classic&quot;}\">\n\t\t\t\t\t\t<div class=\"elementor-container elementor-column-gap-extended\">\n\t\t\t\t\t<div class=\"elementor-column elementor-col-100 elementor-top-column elementor-element elementor-element-32af421\" data-id=\"32af421\" data-element_type=\"column\" data-e-type=\"column\">\n\t\t\t<div class=\"elementor-widget-wrap\">\n\t\t\t\t\t\t\t<\/div>\n\t\t<\/div>\n\t\t\t\t\t<\/div>\n\t\t<\/section>\n\t\t\t\t<section class=\"elementor-section elementor-top-section elementor-element elementor-element-bd82c7c elementor-section-stretched elementor-section-content-middle elementor-section-boxed elementor-section-height-default elementor-section-height-default\" data-id=\"bd82c7c\" data-element_type=\"section\" data-e-type=\"section\" data-settings=\"{&quot;stretch_section&quot;:&quot;section-stretched&quot;,&quot;background_background&quot;:&quot;classic&quot;}\">\n\t\t\t\t\t\t<div class=\"elementor-container elementor-column-gap-extended\">\n\t\t\t\t\t<div class=\"elementor-column elementor-col-50 elementor-top-column elementor-element elementor-element-ca03f9f\" data-id=\"ca03f9f\" data-element_type=\"column\" data-e-type=\"column\">\n\t\t\t<div class=\"elementor-widget-wrap elementor-element-populated\">\n\t\t\t\t\t\t<div class=\"elementor-element elementor-element-7eeda2f elementor-widget elementor-widget-heading\" data-id=\"7eeda2f\" data-element_type=\"widget\" data-e-type=\"widget\" data-widget_type=\"heading.default\">\n\t\t\t\t\t<h2 class=\"elementor-heading-title elementor-size-default\">Size \u00d6zel Se\u00e7ilmi\u015f Ola\u011fan\u00fcst\u00fc M\u00fclkler<\/h2>\t\t\t\t<\/div>\n\t\t\t\t<div class=\"elementor-element elementor-element-c73d9bd elementor-widget elementor-widget-heading\" data-id=\"c73d9bd\" data-element_type=\"widget\" data-e-type=\"widget\" data-widget_type=\"heading.default\">\n\t\t\t\t\t<div class=\"elementor-heading-title elementor-size-default\">Kalite, g\u00fcven ve ki\u015fiye \u00f6zel hizmete odaklanan, gayrimenkul sekt\u00f6r\u00fcne yepyeni bir bak\u0131\u015f a\u00e7\u0131s\u0131n\u0131 ke\u015ffedin.<\/div>\t\t\t\t<\/div>\n\t\t\t\t\t<\/div>\n\t\t<\/div>\n\t\t\t\t<div class=\"elementor-column elementor-col-50 elementor-top-column elementor-element elementor-element-10af914\" data-id=\"10af914\" data-element_type=\"column\" data-e-type=\"column\">\n\t\t\t<div class=\"elementor-widget-wrap elementor-element-populated\">\n\t\t\t\t\t\t<div class=\"elementor-element elementor-element-0bac707 elementor-align-right elementor-mobile-align-left elementor-widget elementor-widget-button\" data-id=\"0bac707\" data-element_type=\"widget\" data-e-type=\"widget\" data-widget_type=\"button.default\">\n\t\t\t\t\t\t\t\t\t\t<a class=\"elementor-button elementor-button-link elementor-size-md\" href=\"https:\/\/istanbulpropertyservices.com\/tr\/iletisim\/\">\n\t\t\t\t\t\t<span class=\"elementor-button-content-wrapper\">\n\t\t\t\t\t\t\t\t\t<span class=\"elementor-button-text\">Bize Ula\u015f\u0131n<\/span>\n\t\t\t\t\t<\/span>\n\t\t\t\t\t<\/a>\n\t\t\t\t\t\t\t\t<\/div>\n\t\t\t\t\t<\/div>\n\t\t<\/div>\n\t\t\t\t\t<\/div>\n\t\t<\/section>\n\t\t\t\t<\/div>\n\t\t","protected":false},"excerpt":{"rendered":"<p>Bir gayrimenkul\u00fcn de\u011ferleme raporuna m\u0131 ihtiyac\u0131n\u0131z var? Do\u011fru ve resmi olarak tan\u0131nan bir gayrimenkul de\u011ferleme raporu almak, \u00f6zellikle uluslararas\u0131 yat\u0131r\u0131mc\u0131lar ve vatanda\u015fl\u0131k veya oturum ba\u015fvurular\u0131 gibi yasal s\u00fcre\u00e7ler i\u00e7in, t\u00fcm gayrimenkul i\u015flemlerinde kritik bir ad\u0131md\u0131r. Istanbul Property Services olarak, Sermaye Piyasas\u0131 Kurulu (SPK) taraf\u0131ndan yetkilendirilmi\u015f firmalar taraf\u0131ndan d\u00fczenlenen de\u011ferleme raporlar\u0131 sunuyoruz. S\u00fcrece dahil olan t\u00fcm [&hellip;]<\/p>\n","protected":false},"author":1,"featured_media":0,"parent":0,"menu_order":0,"comment_status":"closed","ping_status":"closed","template":"","meta":{"footnotes":""},"class_list":["post-4828","page","type-page","status-publish","hentry"],"_links":{"self":[{"href":"https:\/\/istanbulpropertyservices.com\/tr\/wp-json\/wp\/v2\/pages\/4828","targetHints":{"allow":["GET"]}}],"collection":[{"href":"https:\/\/istanbulpropertyservices.com\/tr\/wp-json\/wp\/v2\/pages"}],"about":[{"href":"https:\/\/istanbulpropertyservices.com\/tr\/wp-json\/wp\/v2\/types\/page"}],"author":[{"embeddable":true,"href":"https:\/\/istanbulpropertyservices.com\/tr\/wp-json\/wp\/v2\/users\/1"}],"replies":[{"embeddable":true,"href":"https:\/\/istanbulpropertyservices.com\/tr\/wp-json\/wp\/v2\/comments?post=4828"}],"version-history":[{"count":17,"href":"https:\/\/istanbulpropertyservices.com\/tr\/wp-json\/wp\/v2\/pages\/4828\/revisions"}],"predecessor-version":[{"id":6336,"href":"https:\/\/istanbulpropertyservices.com\/tr\/wp-json\/wp\/v2\/pages\/4828\/revisions\/6336"}],"wp:attachment":[{"href":"https:\/\/istanbulpropertyservices.com\/tr\/wp-json\/wp\/v2\/media?parent=4828"}],"curies":[{"name":"wp","href":"https:\/\/api.w.org\/{rel}","templated":true}]}}