{"id":4817,"date":"2026-04-04T04:00:13","date_gmt":"2026-04-04T04:00:13","guid":{"rendered":"https:\/\/istanbulpropertyservices.com\/turkish-citizenship\/"},"modified":"2026-04-15T22:19:32","modified_gmt":"2026-04-15T22:19:32","slug":"turk-vatandasligi","status":"publish","type":"page","link":"https:\/\/istanbulpropertyservices.com\/tr\/turk-vatandasligi\/","title":{"rendered":"T\u00fcrk Vatanda\u015fl\u0131\u011f\u0131"},"content":{"rendered":"\t\t<div data-elementor-type=\"wp-page\" data-elementor-id=\"4817\" class=\"elementor elementor-4817 elementor-4325\">\n\t\t\t\t\t\t<section class=\"elementor-section elementor-top-section elementor-element elementor-element-28a5a67 elementor-section-stretched elementor-section-boxed elementor-section-height-default elementor-section-height-default\" data-id=\"28a5a67\" data-element_type=\"section\" data-e-type=\"section\" data-settings=\"{&quot;stretch_section&quot;:&quot;section-stretched&quot;}\">\n\t\t\t\t\t\t<div class=\"elementor-container elementor-column-gap-extended\">\n\t\t\t\t\t<div class=\"elementor-column elementor-col-100 elementor-top-column elementor-element elementor-element-139804a\" data-id=\"139804a\" data-element_type=\"column\" data-e-type=\"column\">\n\t\t\t<div class=\"elementor-widget-wrap elementor-element-populated\">\n\t\t\t\t\t\t<div class=\"elementor-element elementor-element-79425f9 elementor-widget elementor-widget-heading\" data-id=\"79425f9\" data-element_type=\"widget\" data-e-type=\"widget\" data-widget_type=\"heading.default\">\n\t\t\t\t\t<h2 class=\"elementor-heading-title elementor-size-default\">T\u00fcrk Vatanda\u015fl\u0131\u011f\u0131<\/h2>\t\t\t\t<\/div>\n\t\t\t\t\t<\/div>\n\t\t<\/div>\n\t\t\t\t\t<\/div>\n\t\t<\/section>\n\t\t\t\t<section class=\"elementor-section elementor-top-section elementor-element elementor-element-9a24bd4 elementor-section-stretched elementor-section-boxed elementor-section-height-default elementor-section-height-default\" data-id=\"9a24bd4\" data-element_type=\"section\" data-e-type=\"section\" data-settings=\"{&quot;stretch_section&quot;:&quot;section-stretched&quot;}\">\n\t\t\t\t\t\t<div class=\"elementor-container elementor-column-gap-extended\">\n\t\t\t\t\t<div class=\"elementor-column elementor-col-50 elementor-top-column elementor-element elementor-element-d8105d7\" data-id=\"d8105d7\" data-element_type=\"column\" data-e-type=\"column\">\n\t\t\t<div class=\"elementor-widget-wrap elementor-element-populated\">\n\t\t\t\t\t\t<div class=\"elementor-element elementor-element-42e8df3 elementor-widget elementor-widget-text-editor\" data-id=\"42e8df3\" data-element_type=\"widget\" data-e-type=\"widget\" data-widget_type=\"text-editor.default\">\n\t\t\t\t\t\t\t\t\t<p style=\"text-align: justify;\" data-start=\u201c165\u201d data-end=\u201c524\u201d>Gayrimenkul yat\u0131r\u0131m\u0131 yoluyla T\u00fcrk vatanda\u015fl\u0131\u011f\u0131 edinmek, k\u00fcresel hareketlilik, g\u00fcvenlik ve uzun vadeli de\u011fer arayan uluslararas\u0131 yat\u0131r\u0131mc\u0131lar i\u00e7in stratejik bir f\u0131rsatt\u0131r. Istanbul Property Services olarak, vatanda\u015fl\u0131k s\u00fcrecinin ba\u015f\u0131ndan sonuna kadar kapsaml\u0131 rehberlik sunarak, sorunsuz ve t\u00fcm yasalara tam uyumlu bir deneyim sa\u011fl\u0131yoruz.<\/p>\n<p style=\"text-align: justify;\" data-start=\u201c526\u201d data-end=\u201c845\u201d>Yabanc\u0131 yat\u0131r\u0131mc\u0131lar ve aileleri, h\u00fck\u00fcmetin yat\u0131r\u0131m kriterlerini kar\u015f\u0131layan gayrimenkul sat\u0131n alarak T\u00fcrk vatanda\u015fl\u0131\u011f\u0131 alabilirler. Ekibimiz, hem yasal gerekliliklere hem de yat\u0131r\u0131m hedeflerinize uygun gayrimenkulleri titizlikle belirleyerek, g\u00fcvenli ve verimli bir sat\u0131n alma s\u00fcreci sa\u011flar.<\/p>\n<p style=\"text-align: justify;\" data-start=\u201c847\u201d data-end=\u201c1174\u201d>Gayrimenkul se\u00e7imi ve de\u011ferlemesinden tapu i\u015flemlerine ve resmi ba\u015fvurulara kadar, deneyimli hukuk ekibimiz her a\u015famay\u0131 hassasiyet ve titizlikle y\u00f6netir. T\u00fcm belgelerin do\u011fru, eksiksiz ve gecikme olmadan i\u015flenmesini sa\u011flamak i\u00e7in sertifikal\u0131 profesyoneller ve resmi makamlarla yak\u0131n i\u015fbirli\u011fi i\u00e7inde \u00e7al\u0131\u015f\u0131r\u0131z.<\/p>\n<p style=\"text-align: justify;\" data-start=\u201c1176\u201d data-end=\u201c1373\u201d>Amac\u0131m\u0131z, T\u00fcrk vatanda\u015fl\u0131\u011f\u0131na giden yap\u0131land\u0131r\u0131lm\u0131\u015f, \u015feffaf ve g\u00fcvenilir bir yol sunmak, <\/p>\t\t\t\t\t\t\t\t<\/div>\n\t\t\t\t\t<\/div>\n\t\t<\/div>\n\t\t\t\t<div class=\"elementor-column elementor-col-50 elementor-top-column elementor-element elementor-element-53cf895\" data-id=\"53cf895\" data-element_type=\"column\" data-e-type=\"column\">\n\t\t\t<div class=\"elementor-widget-wrap elementor-element-populated\">\n\t\t\t\t\t\t\t\t\t\n\t\t\t<img class=\"e-image-base \" \n\t\t\t\t\tdata-interaction-id=\"1cfcd8c\" \n\t\t \n\t\t \n\t\t\t\t\t\t\t\t\tid=\"5468\"\n\t\t\t\t\t\t\t\t\t\t\t\tsrc=\"https:\/\/istanbulpropertyservices.com\/wp-content\/uploads\/2026\/04\/turkish-citizenship.webp\"\n\t\t\t\t\t\t\t\t\t\t\t\twidth=\"1536\"\n\t\t\t\t\t\t\t\t\t\t\t\theight=\"1024\"\n\t\t\t\t\t\t\t\t\t\t\t\tsrcset=\"https:\/\/istanbulpropertyservices.com\/wp-content\/uploads\/2026\/04\/turkish-citizenship.webp 1536w, https:\/\/istanbulpropertyservices.com\/wp-content\/uploads\/2026\/04\/turkish-citizenship-300x200.webp 300w, https:\/\/istanbulpropertyservices.com\/wp-content\/uploads\/2026\/04\/turkish-citizenship-1024x683.webp 1024w, https:\/\/istanbulpropertyservices.com\/wp-content\/uploads\/2026\/04\/turkish-citizenship-768x512.webp 768w, https:\/\/istanbulpropertyservices.com\/wp-content\/uploads\/2026\/04\/turkish-citizenship-600x400.webp 600w\"\n\t\t\t\t\t\t\t\t\t\t\t\talt=\"\"\n\t\t\t\t\t\t\/>\n\t\t\t\t\t\t<\/div>\n\t\t<\/div>\n\t\t\t\t\t<\/div>\n\t\t<\/section>\n\t\t\t\t<section class=\"elementor-section elementor-top-section elementor-element elementor-element-e1e390f elementor-section-stretched elementor-section-boxed elementor-section-height-default elementor-section-height-default\" data-id=\"e1e390f\" data-element_type=\"section\" data-e-type=\"section\" data-settings=\"{&quot;stretch_section&quot;:&quot;section-stretched&quot;,&quot;background_background&quot;:&quot;classic&quot;}\">\n\t\t\t\t\t\t<div class=\"elementor-container elementor-column-gap-extended\">\n\t\t\t\t\t<div class=\"elementor-column elementor-col-100 elementor-top-column elementor-element elementor-element-32af421\" data-id=\"32af421\" data-element_type=\"column\" data-e-type=\"column\">\n\t\t\t<div class=\"elementor-widget-wrap\">\n\t\t\t\t\t\t\t<\/div>\n\t\t<\/div>\n\t\t\t\t\t<\/div>\n\t\t<\/section>\n\t\t\t\t<section class=\"elementor-section elementor-top-section elementor-element elementor-element-96da38e elementor-section-stretched elementor-section-content-middle elementor-section-boxed elementor-section-height-default elementor-section-height-default\" data-id=\"96da38e\" data-element_type=\"section\" data-e-type=\"section\" data-settings=\"{&quot;stretch_section&quot;:&quot;section-stretched&quot;,&quot;background_background&quot;:&quot;classic&quot;}\">\n\t\t\t\t\t\t<div class=\"elementor-container elementor-column-gap-extended\">\n\t\t\t\t\t<div class=\"elementor-column elementor-col-50 elementor-top-column elementor-element elementor-element-e770559\" data-id=\"e770559\" data-element_type=\"column\" data-e-type=\"column\">\n\t\t\t<div class=\"elementor-widget-wrap elementor-element-populated\">\n\t\t\t\t\t\t<div class=\"elementor-element elementor-element-d24df71 elementor-widget elementor-widget-heading\" data-id=\"d24df71\" data-element_type=\"widget\" data-e-type=\"widget\" data-widget_type=\"heading.default\">\n\t\t\t\t\t<h2 class=\"elementor-heading-title elementor-size-default\">Size \u00d6zel Se\u00e7ilmi\u015f Ola\u011fan\u00fcst\u00fc M\u00fclkler<\/h2>\t\t\t\t<\/div>\n\t\t\t\t<div class=\"elementor-element elementor-element-f768aa1 elementor-widget elementor-widget-heading\" data-id=\"f768aa1\" data-element_type=\"widget\" data-e-type=\"widget\" data-widget_type=\"heading.default\">\n\t\t\t\t\t<div class=\"elementor-heading-title elementor-size-default\">Kalite, g\u00fcven ve ki\u015fiye \u00f6zel hizmete odaklanan, gayrimenkul sekt\u00f6r\u00fcne yepyeni bir bak\u0131\u015f a\u00e7\u0131s\u0131n\u0131 ke\u015ffedin.<\/div>\t\t\t\t<\/div>\n\t\t\t\t\t<\/div>\n\t\t<\/div>\n\t\t\t\t<div class=\"elementor-column elementor-col-50 elementor-top-column elementor-element elementor-element-f39a7c1\" data-id=\"f39a7c1\" data-element_type=\"column\" data-e-type=\"column\">\n\t\t\t<div class=\"elementor-widget-wrap elementor-element-populated\">\n\t\t\t\t\t\t<div class=\"elementor-element elementor-element-3a55617 elementor-align-right elementor-mobile-align-left elementor-widget elementor-widget-button\" data-id=\"3a55617\" data-element_type=\"widget\" data-e-type=\"widget\" data-widget_type=\"button.default\">\n\t\t\t\t\t\t\t\t\t\t<a class=\"elementor-button elementor-button-link elementor-size-md\" href=\"https:\/\/istanbulpropertyservices.com\/tr\/iletisim\/\">\n\t\t\t\t\t\t<span class=\"elementor-button-content-wrapper\">\n\t\t\t\t\t\t\t\t\t<span class=\"elementor-button-text\">Bize Ula\u015f\u0131n<\/span>\n\t\t\t\t\t<\/span>\n\t\t\t\t\t<\/a>\n\t\t\t\t\t\t\t\t<\/div>\n\t\t\t\t\t<\/div>\n\t\t<\/div>\n\t\t\t\t\t<\/div>\n\t\t<\/section>\n\t\t\t\t<\/div>\n\t\t","protected":false},"excerpt":{"rendered":"<p>T\u00fcrk Vatanda\u015fl\u0131\u011f\u0131 Gayrimenkul yat\u0131r\u0131m\u0131 yoluyla T\u00fcrk vatanda\u015fl\u0131\u011f\u0131 edinmek, k\u00fcresel hareketlilik, g\u00fcvenlik ve uzun vadeli de\u011fer arayan uluslararas\u0131 yat\u0131r\u0131mc\u0131lar i\u00e7in stratejik bir f\u0131rsatt\u0131r. Istanbul Property Services olarak, vatanda\u015fl\u0131k s\u00fcrecinin ba\u015f\u0131ndan sonuna kadar kapsaml\u0131 rehberlik sunarak, sorunsuz ve t\u00fcm yasalara tam uyumlu bir deneyim sa\u011fl\u0131yoruz. Yabanc\u0131 yat\u0131r\u0131mc\u0131lar ve aileleri, h\u00fck\u00fcmetin yat\u0131r\u0131m kriterlerini kar\u015f\u0131layan gayrimenkul sat\u0131n alarak T\u00fcrk [&hellip;]<\/p>\n","protected":false},"author":1,"featured_media":0,"parent":0,"menu_order":0,"comment_status":"closed","ping_status":"closed","template":"","meta":{"footnotes":""},"class_list":["post-4817","page","type-page","status-publish","hentry"],"_links":{"self":[{"href":"https:\/\/istanbulpropertyservices.com\/tr\/wp-json\/wp\/v2\/pages\/4817","targetHints":{"allow":["GET"]}}],"collection":[{"href":"https:\/\/istanbulpropertyservices.com\/tr\/wp-json\/wp\/v2\/pages"}],"about":[{"href":"https:\/\/istanbulpropertyservices.com\/tr\/wp-json\/wp\/v2\/types\/page"}],"author":[{"embeddable":true,"href":"https:\/\/istanbulpropertyservices.com\/tr\/wp-json\/wp\/v2\/users\/1"}],"replies":[{"embeddable":true,"href":"https:\/\/istanbulpropertyservices.com\/tr\/wp-json\/wp\/v2\/comments?post=4817"}],"version-history":[{"count":11,"href":"https:\/\/istanbulpropertyservices.com\/tr\/wp-json\/wp\/v2\/pages\/4817\/revisions"}],"predecessor-version":[{"id":6382,"href":"https:\/\/istanbulpropertyservices.com\/tr\/wp-json\/wp\/v2\/pages\/4817\/revisions\/6382"}],"wp:attachment":[{"href":"https:\/\/istanbulpropertyservices.com\/tr\/wp-json\/wp\/v2\/media?parent=4817"}],"curies":[{"name":"wp","href":"https:\/\/api.w.org\/{rel}","templated":true}]}}