{"id":4810,"date":"2026-04-04T04:16:54","date_gmt":"2026-04-04T04:16:54","guid":{"rendered":"https:\/\/istanbulpropertyservices.com\/turkish-residency\/"},"modified":"2026-04-15T22:22:54","modified_gmt":"2026-04-15T22:22:54","slug":"turkiyede-ikamet","status":"publish","type":"page","link":"https:\/\/istanbulpropertyservices.com\/tr\/turkiyede-ikamet\/","title":{"rendered":"T\u00fcrkiye&#8217;de \u0130kamet"},"content":{"rendered":"\t\t<div data-elementor-type=\"wp-page\" data-elementor-id=\"4810\" class=\"elementor elementor-4810 elementor-4346\">\n\t\t\t\t\t\t<section class=\"elementor-section elementor-top-section elementor-element elementor-element-28a5a67 elementor-section-stretched elementor-section-boxed elementor-section-height-default elementor-section-height-default\" data-id=\"28a5a67\" data-element_type=\"section\" data-e-type=\"section\" data-settings=\"{&quot;stretch_section&quot;:&quot;section-stretched&quot;}\">\n\t\t\t\t\t\t<div class=\"elementor-container elementor-column-gap-extended\">\n\t\t\t\t\t<div class=\"elementor-column elementor-col-100 elementor-top-column elementor-element elementor-element-139804a\" data-id=\"139804a\" data-element_type=\"column\" data-e-type=\"column\">\n\t\t\t<div class=\"elementor-widget-wrap elementor-element-populated\">\n\t\t\t\t\t\t<div class=\"elementor-element elementor-element-79425f9 elementor-widget elementor-widget-heading\" data-id=\"79425f9\" data-element_type=\"widget\" data-e-type=\"widget\" data-widget_type=\"heading.default\">\n\t\t\t\t\t<h2 class=\"elementor-heading-title elementor-size-default\">T\u00fcrkiye'de \u0130kamet<\/h2>\t\t\t\t<\/div>\n\t\t\t\t\t<\/div>\n\t\t<\/div>\n\t\t\t\t\t<\/div>\n\t\t<\/section>\n\t\t\t\t<section class=\"elementor-section elementor-top-section elementor-element elementor-element-9a24bd4 elementor-section-stretched elementor-section-boxed elementor-section-height-default elementor-section-height-default\" data-id=\"9a24bd4\" data-element_type=\"section\" data-e-type=\"section\" data-settings=\"{&quot;stretch_section&quot;:&quot;section-stretched&quot;}\">\n\t\t\t\t\t\t<div class=\"elementor-container elementor-column-gap-extended\">\n\t\t\t\t\t<div class=\"elementor-column elementor-col-50 elementor-top-column elementor-element elementor-element-d8105d7\" data-id=\"d8105d7\" data-element_type=\"column\" data-e-type=\"column\">\n\t\t\t<div class=\"elementor-widget-wrap elementor-element-populated\">\n\t\t\t\t\t\t<div class=\"elementor-element elementor-element-42e8df3 elementor-widget elementor-widget-text-editor\" data-id=\"42e8df3\" data-element_type=\"widget\" data-e-type=\"widget\" data-widget_type=\"text-editor.default\">\n\t\t\t\t\t\t\t\t\t<p style=\"text-align: justify;\" data-start=\u201c157\u201d data-end=\u201c520\u201d>T\u00fcrkiye&#8217;de kal\u0131\u015f s\u00fcresini uzatmak ve uzun vadeli bir varl\u0131k olu\u015fturmak isteyen yabanc\u0131 uyruklular i\u00e7in T\u00fcrk oturma izni almak hayati bir ad\u0131md\u0131r. Istanbul Property Services olarak, oturma izni ba\u015fvuru s\u00fcrecinin ba\u015f\u0131ndan sonuna kadar kapsaml\u0131 destek sunarak, sorunsuz, verimli ve t\u00fcm yasalara tam olarak uygun bir deneyim sa\u011fl\u0131yoruz.<\/p>\n<p style=\"text-align: justify;\" data-start=\u201c522\u201d data-end=\u201c866\u201d>Vizelerinin izin verdi\u011fi s\u00fcreden daha uzun s\u00fcre T\u00fcrkiye&#8217;de kalmak isteyen veya uzun vadeli ikamet se\u00e7enekleri arayan yabanc\u0131lar, oturma izni almak zorundad\u0131r. Uzman ekibimiz, belge haz\u0131rlama ve ba\u015fvuru sunumundan randevu koordinasyonu ve takip prosed\u00fcrlerine kadar s\u00fcrecin her a\u015famas\u0131nda size rehberlik eder.<\/p>\n<p style=\"text-align: justify;\" data-start=\u201c868\u201d data-end=\u201c1169\u201d>T\u00fcm gerekliliklerin do\u011fru ve zaman\u0131nda yerine getirilmesini sa\u011flayarak gecikmeleri en aza indirir ve genellikle karma\u015f\u0131k olabilen idari s\u00fcreci basitle\u015ftiririz. Profesyonel deste\u011fimizle, T\u00fcrkiye&#8217;deki yat\u0131r\u0131m veya ya\u015fam tarz\u0131 planlar\u0131n\u0131za odaklan\u0131rken yasal ikamet stat\u00fcn\u00fcz\u00fc g\u00fcvenle g\u00fcvence alt\u0131na alabilirsiniz.<\/p>\n<p style=\"text-align: justify;\" data-start=\u201c1171\u201d data-end=\u201c1299\u201d>Amac\u0131m\u0131z, bireysel ihtiya\u00e7lar\u0131n\u0131za ve uzun vadeli hedeflerinize uygun, sorunsuz ve g\u00fcvenilir bir oturma izni s\u00fcreci sunmakt\u0131r.<\/p>\t\t\t\t\t\t\t\t<\/div>\n\t\t\t\t\t<\/div>\n\t\t<\/div>\n\t\t\t\t<div class=\"elementor-column elementor-col-50 elementor-top-column elementor-element elementor-element-53cf895\" data-id=\"53cf895\" data-element_type=\"column\" data-e-type=\"column\">\n\t\t\t<div class=\"elementor-widget-wrap elementor-element-populated\">\n\t\t\t\t\t\t\t\t\t\n\t\t<img class=\"e-image-base \" \n\t\t\t\t\tdata-interaction-id=\"1cfcd8c\" \n\t\t \n\t\t \n\t\t\t\t\t\t\t\t\tid=\"5462\"\n\t\t\t\t\t\t\t\t\t\t\t\tsrc=\"https:\/\/istanbulpropertyservices.com\/wp-content\/uploads\/2026\/04\/turkish-residency.webp\"\n\t\t\t\t\t\t\t\t\t\t\t\twidth=\"1536\"\n\t\t\t\t\t\t\t\t\t\t\t\theight=\"1024\"\n\t\t\t\t\t\t\t\t\t\t\t\tsrcset=\"https:\/\/istanbulpropertyservices.com\/wp-content\/uploads\/2026\/04\/turkish-residency.webp 1536w, https:\/\/istanbulpropertyservices.com\/wp-content\/uploads\/2026\/04\/turkish-residency-300x200.webp 300w, https:\/\/istanbulpropertyservices.com\/wp-content\/uploads\/2026\/04\/turkish-residency-1024x683.webp 1024w, https:\/\/istanbulpropertyservices.com\/wp-content\/uploads\/2026\/04\/turkish-residency-768x512.webp 768w, https:\/\/istanbulpropertyservices.com\/wp-content\/uploads\/2026\/04\/turkish-residency-600x400.webp 600w\"\n\t\t\t\t\t\t\t\t\t\t\t\talt=\"\"\n\t\t\t\t\t\t\/>\n\t\t\t\t\t\t<\/div>\n\t\t<\/div>\n\t\t\t\t\t<\/div>\n\t\t<\/section>\n\t\t\t\t<section class=\"elementor-section elementor-top-section elementor-element elementor-element-e1e390f elementor-section-stretched elementor-section-boxed elementor-section-height-default elementor-section-height-default\" data-id=\"e1e390f\" data-element_type=\"section\" data-e-type=\"section\" data-settings=\"{&quot;stretch_section&quot;:&quot;section-stretched&quot;,&quot;background_background&quot;:&quot;classic&quot;}\">\n\t\t\t\t\t\t<div class=\"elementor-container elementor-column-gap-extended\">\n\t\t\t\t\t<div class=\"elementor-column elementor-col-100 elementor-top-column elementor-element elementor-element-32af421\" data-id=\"32af421\" data-element_type=\"column\" data-e-type=\"column\">\n\t\t\t<div class=\"elementor-widget-wrap\">\n\t\t\t\t\t\t\t<\/div>\n\t\t<\/div>\n\t\t\t\t\t<\/div>\n\t\t<\/section>\n\t\t\t\t<section class=\"elementor-section elementor-top-section elementor-element elementor-element-eb52ddb elementor-section-stretched elementor-section-content-middle elementor-section-boxed elementor-section-height-default elementor-section-height-default\" data-id=\"eb52ddb\" data-element_type=\"section\" data-e-type=\"section\" data-settings=\"{&quot;stretch_section&quot;:&quot;section-stretched&quot;,&quot;background_background&quot;:&quot;classic&quot;}\">\n\t\t\t\t\t\t<div class=\"elementor-container elementor-column-gap-extended\">\n\t\t\t\t\t<div class=\"elementor-column elementor-col-50 elementor-top-column elementor-element elementor-element-a7f2682\" data-id=\"a7f2682\" data-element_type=\"column\" data-e-type=\"column\">\n\t\t\t<div class=\"elementor-widget-wrap elementor-element-populated\">\n\t\t\t\t\t\t<div class=\"elementor-element elementor-element-7b23d57 elementor-widget elementor-widget-heading\" data-id=\"7b23d57\" data-element_type=\"widget\" data-e-type=\"widget\" data-widget_type=\"heading.default\">\n\t\t\t\t\t<h2 class=\"elementor-heading-title elementor-size-default\">Size \u00d6zel Se\u00e7ilmi\u015f Ola\u011fan\u00fcst\u00fc M\u00fclkler<\/h2>\t\t\t\t<\/div>\n\t\t\t\t<div class=\"elementor-element elementor-element-be817e5 elementor-widget elementor-widget-heading\" data-id=\"be817e5\" data-element_type=\"widget\" data-e-type=\"widget\" data-widget_type=\"heading.default\">\n\t\t\t\t\t<div class=\"elementor-heading-title elementor-size-default\">Kalite, g\u00fcven ve ki\u015fiye \u00f6zel hizmete odaklanan, gayrimenkul sekt\u00f6r\u00fcne yepyeni bir bak\u0131\u015f a\u00e7\u0131s\u0131n\u0131 ke\u015ffedin.<\/div>\t\t\t\t<\/div>\n\t\t\t\t\t<\/div>\n\t\t<\/div>\n\t\t\t\t<div class=\"elementor-column elementor-col-50 elementor-top-column elementor-element elementor-element-88ec787\" data-id=\"88ec787\" data-element_type=\"column\" data-e-type=\"column\">\n\t\t\t<div class=\"elementor-widget-wrap elementor-element-populated\">\n\t\t\t\t\t\t<div class=\"elementor-element elementor-element-e32b5bb elementor-align-right elementor-mobile-align-left elementor-widget elementor-widget-button\" data-id=\"e32b5bb\" data-element_type=\"widget\" data-e-type=\"widget\" data-widget_type=\"button.default\">\n\t\t\t\t\t\t\t\t\t\t<a class=\"elementor-button elementor-button-link elementor-size-md\" href=\"https:\/\/istanbulpropertyservices.com\/tr\/iletisim\/\">\n\t\t\t\t\t\t<span class=\"elementor-button-content-wrapper\">\n\t\t\t\t\t\t\t\t\t<span class=\"elementor-button-text\">Bize Ula\u015f\u0131n<\/span>\n\t\t\t\t\t<\/span>\n\t\t\t\t\t<\/a>\n\t\t\t\t\t\t\t\t<\/div>\n\t\t\t\t\t<\/div>\n\t\t<\/div>\n\t\t\t\t\t<\/div>\n\t\t<\/section>\n\t\t\t\t<\/div>\n\t\t","protected":false},"excerpt":{"rendered":"<p>T\u00fcrkiye&#8217;de \u0130kamet T\u00fcrkiye&#8217;de kal\u0131\u015f s\u00fcresini uzatmak ve uzun vadeli bir varl\u0131k olu\u015fturmak isteyen yabanc\u0131 uyruklular i\u00e7in T\u00fcrk oturma izni almak hayati bir ad\u0131md\u0131r. Istanbul Property Services olarak, oturma izni ba\u015fvuru s\u00fcrecinin ba\u015f\u0131ndan sonuna kadar kapsaml\u0131 destek sunarak, sorunsuz, verimli ve t\u00fcm yasalara tam olarak uygun bir deneyim sa\u011fl\u0131yoruz. Vizelerinin izin verdi\u011fi s\u00fcreden daha uzun s\u00fcre [&hellip;]<\/p>\n","protected":false},"author":1,"featured_media":0,"parent":0,"menu_order":0,"comment_status":"closed","ping_status":"closed","template":"","meta":{"footnotes":""},"class_list":["post-4810","page","type-page","status-publish","hentry"],"_links":{"self":[{"href":"https:\/\/istanbulpropertyservices.com\/tr\/wp-json\/wp\/v2\/pages\/4810","targetHints":{"allow":["GET"]}}],"collection":[{"href":"https:\/\/istanbulpropertyservices.com\/tr\/wp-json\/wp\/v2\/pages"}],"about":[{"href":"https:\/\/istanbulpropertyservices.com\/tr\/wp-json\/wp\/v2\/types\/page"}],"author":[{"embeddable":true,"href":"https:\/\/istanbulpropertyservices.com\/tr\/wp-json\/wp\/v2\/users\/1"}],"replies":[{"embeddable":true,"href":"https:\/\/istanbulpropertyservices.com\/tr\/wp-json\/wp\/v2\/comments?post=4810"}],"version-history":[{"count":11,"href":"https:\/\/istanbulpropertyservices.com\/tr\/wp-json\/wp\/v2\/pages\/4810\/revisions"}],"predecessor-version":[{"id":6397,"href":"https:\/\/istanbulpropertyservices.com\/tr\/wp-json\/wp\/v2\/pages\/4810\/revisions\/6397"}],"wp:attachment":[{"href":"https:\/\/istanbulpropertyservices.com\/tr\/wp-json\/wp\/v2\/media?parent=4810"}],"curies":[{"name":"wp","href":"https:\/\/api.w.org\/{rel}","templated":true}]}}