{"id":4803,"date":"2026-04-04T04:19:18","date_gmt":"2026-04-04T04:19:18","guid":{"rendered":"https:\/\/istanbulpropertyservices.com\/health-services\/"},"modified":"2026-04-15T22:19:54","modified_gmt":"2026-04-15T22:19:54","slug":"saglik-hizmetleri","status":"publish","type":"page","link":"https:\/\/istanbulpropertyservices.com\/tr\/saglik-hizmetleri\/","title":{"rendered":"Sa\u011fl\u0131k Hizmetleri"},"content":{"rendered":"\t\t<div data-elementor-type=\"wp-page\" data-elementor-id=\"4803\" class=\"elementor elementor-4803 elementor-4356\">\n\t\t\t\t\t\t<section class=\"elementor-section elementor-top-section elementor-element elementor-element-28a5a67 elementor-section-stretched elementor-section-boxed elementor-section-height-default elementor-section-height-default\" data-id=\"28a5a67\" data-element_type=\"section\" data-e-type=\"section\" data-settings=\"{&quot;stretch_section&quot;:&quot;section-stretched&quot;}\">\n\t\t\t\t\t\t<div class=\"elementor-container elementor-column-gap-extended\">\n\t\t\t\t\t<div class=\"elementor-column elementor-col-100 elementor-top-column elementor-element elementor-element-139804a\" data-id=\"139804a\" data-element_type=\"column\" data-e-type=\"column\">\n\t\t\t<div class=\"elementor-widget-wrap elementor-element-populated\">\n\t\t\t\t\t\t<div class=\"elementor-element elementor-element-79425f9 elementor-widget elementor-widget-heading\" data-id=\"79425f9\" data-element_type=\"widget\" data-e-type=\"widget\" data-widget_type=\"heading.default\">\n\t\t\t\t\t<h2 class=\"elementor-heading-title elementor-size-default\">Sa\u011fl\u0131k Hizmetleri<\/h2>\t\t\t\t<\/div>\n\t\t\t\t\t<\/div>\n\t\t<\/div>\n\t\t\t\t\t<\/div>\n\t\t<\/section>\n\t\t\t\t<section class=\"elementor-section elementor-top-section elementor-element elementor-element-9a24bd4 elementor-section-stretched elementor-section-boxed elementor-section-height-default elementor-section-height-default\" data-id=\"9a24bd4\" data-element_type=\"section\" data-e-type=\"section\" data-settings=\"{&quot;stretch_section&quot;:&quot;section-stretched&quot;}\">\n\t\t\t\t\t\t<div class=\"elementor-container elementor-column-gap-extended\">\n\t\t\t\t\t<div class=\"elementor-column elementor-col-50 elementor-top-column elementor-element elementor-element-d8105d7\" data-id=\"d8105d7\" data-element_type=\"column\" data-e-type=\"column\">\n\t\t\t<div class=\"elementor-widget-wrap elementor-element-populated\">\n\t\t\t\t\t\t<div class=\"elementor-element elementor-element-42e8df3 elementor-widget elementor-widget-text-editor\" data-id=\"42e8df3\" data-element_type=\"widget\" data-e-type=\"widget\" data-widget_type=\"text-editor.default\">\n\t\t\t\t\t\t\t\t\t<p style=\"text-align: justify;\">Istanbul Property Services olarak, uluslararas\u0131 m\u00fc\u015fterilerimizi d\u00fcnya standartlar\u0131nda t\u0131bbi kurumlar ve y\u00fcksek nitelikli uzmanlarla bulu\u015fturarak T\u00fcrkiye\u2019de kapsaml\u0131 sa\u011fl\u0131k dan\u0131\u015fmanl\u0131\u011f\u0131 hizmetleri sunuyoruz. T\u00fcrkiye, ileri sa\u011fl\u0131k standartlar\u0131n\u0131 uygun maliyetler ve ki\u015fiselle\u015ftirilmi\u015f bak\u0131m ile birle\u015ftirerek medikal turizmde \u00f6nde gelen destinasyonlardan biri haline gelmi\u015ftir.<\/p><p style=\"text-align: justify;\">Sizi, do\u011fru hastane ve uzman se\u00e7imi, randevu planlamas\u0131, tedavi s\u00fcrecinin organize edilmesi ve i\u015flem sonras\u0131 destek dahil olmak \u00fczere sa\u011fl\u0131k yolculu\u011funuzun her a\u015famas\u0131nda y\u00f6nlendiriyoruz. A\u011f\u0131m\u0131z, en y\u00fcksek g\u00fcvenlik, kalite ve gizlilik standartlar\u0131n\u0131 sa\u011flayan akredite hastaneler ve deneyimli sa\u011fl\u0131k profesyonellerinden olu\u015fmaktad\u0131r.<\/p><p style=\"text-align: justify;\">Sa\u011fl\u0131k dan\u0131\u015fmanl\u0131\u011f\u0131 hizmetlerimiz \u015funlar\u0131 kapsamaktad\u0131r:<\/p><ul style=\"text-align: justify;\"><li>Di\u015f tedavileri ve estetik di\u015f hekimli\u011fi<\/li><li>Kozmetik ve plastik cerrahi i\u015flemler<\/li><li>Burun esteti\u011fi (rinoplasti)<\/li><li>G\u00f6z kapa\u011f\u0131 esteti\u011fi (blefaroplasti)<\/li><li>Liposuction ve v\u00fccut \u015fekillendirme<\/li><li>Sa\u00e7, sakal ve b\u0131y\u0131k ekimi<\/li><li>Onkoloji tedavileri<\/li><li>Organ nakli<\/li><li>Kardiyoloji ve kalp ile ilgili tedaviler ve daha fazlas\u0131.<\/li><\/ul><p style=\"text-align: justify;\">Amac\u0131m\u0131z; t\u00fcm lojistik s\u00fcreci hassasiyetle y\u00f6neterek, sizin yaln\u0131zca sa\u011fl\u0131\u011f\u0131n\u0131za odaklanman\u0131z\u0131 sa\u011flayan, sorunsuz, gizli ve tamamen organize edilmi\u015f bir sa\u011fl\u0131k deneyimi sunmakt\u0131r.<\/p>\t\t\t\t\t\t\t\t<\/div>\n\t\t\t\t\t<\/div>\n\t\t<\/div>\n\t\t\t\t<div class=\"elementor-column elementor-col-50 elementor-top-column elementor-element elementor-element-53cf895\" data-id=\"53cf895\" data-element_type=\"column\" data-e-type=\"column\">\n\t\t\t<div class=\"elementor-widget-wrap elementor-element-populated\">\n\t\t\t\t\t\t\t\t\t\n\t\t\t<img class=\"e-image-base \" \n\t\t\t\t\tdata-interaction-id=\"1cfcd8c\" \n\t\t \n\t\t \n\t\t\t\t\t\t\t\t\tid=\"5494\"\n\t\t\t\t\t\t\t\t\t\t\t\tsrc=\"https:\/\/istanbulpropertyservices.com\/wp-content\/uploads\/2026\/04\/health-services.webp\"\n\t\t\t\t\t\t\t\t\t\t\t\twidth=\"1536\"\n\t\t\t\t\t\t\t\t\t\t\t\theight=\"1024\"\n\t\t\t\t\t\t\t\t\t\t\t\tsrcset=\"https:\/\/istanbulpropertyservices.com\/wp-content\/uploads\/2026\/04\/health-services.webp 1536w, https:\/\/istanbulpropertyservices.com\/wp-content\/uploads\/2026\/04\/health-services-300x200.webp 300w, https:\/\/istanbulpropertyservices.com\/wp-content\/uploads\/2026\/04\/health-services-1024x683.webp 1024w, https:\/\/istanbulpropertyservices.com\/wp-content\/uploads\/2026\/04\/health-services-768x512.webp 768w, https:\/\/istanbulpropertyservices.com\/wp-content\/uploads\/2026\/04\/health-services-600x400.webp 600w\"\n\t\t\t\t\t\t\t\t\t\t\t\talt=\"\"\n\t\t\t\t\t\t\/>\n\t\t\t\t\t\t<\/div>\n\t\t<\/div>\n\t\t\t\t\t<\/div>\n\t\t<\/section>\n\t\t\t\t<section class=\"elementor-section elementor-top-section elementor-element elementor-element-e1e390f elementor-section-stretched elementor-section-boxed elementor-section-height-default elementor-section-height-default\" data-id=\"e1e390f\" data-element_type=\"section\" data-e-type=\"section\" data-settings=\"{&quot;stretch_section&quot;:&quot;section-stretched&quot;,&quot;background_background&quot;:&quot;classic&quot;}\">\n\t\t\t\t\t\t<div class=\"elementor-container elementor-column-gap-extended\">\n\t\t\t\t\t<div class=\"elementor-column elementor-col-100 elementor-top-column elementor-element elementor-element-32af421\" data-id=\"32af421\" data-element_type=\"column\" data-e-type=\"column\">\n\t\t\t<div class=\"elementor-widget-wrap\">\n\t\t\t\t\t\t\t<\/div>\n\t\t<\/div>\n\t\t\t\t\t<\/div>\n\t\t<\/section>\n\t\t\t\t<section class=\"elementor-section elementor-top-section elementor-element elementor-element-8fa8101 elementor-section-stretched elementor-section-content-middle elementor-section-boxed elementor-section-height-default elementor-section-height-default\" data-id=\"8fa8101\" data-element_type=\"section\" data-e-type=\"section\" data-settings=\"{&quot;stretch_section&quot;:&quot;section-stretched&quot;,&quot;background_background&quot;:&quot;classic&quot;}\">\n\t\t\t\t\t\t<div class=\"elementor-container elementor-column-gap-extended\">\n\t\t\t\t\t<div class=\"elementor-column elementor-col-50 elementor-top-column elementor-element elementor-element-5c2de12\" data-id=\"5c2de12\" data-element_type=\"column\" data-e-type=\"column\">\n\t\t\t<div class=\"elementor-widget-wrap elementor-element-populated\">\n\t\t\t\t\t\t<div class=\"elementor-element elementor-element-3c3bd6a elementor-widget elementor-widget-heading\" data-id=\"3c3bd6a\" data-element_type=\"widget\" data-e-type=\"widget\" data-widget_type=\"heading.default\">\n\t\t\t\t\t<h2 class=\"elementor-heading-title elementor-size-default\">Size \u00d6zel Se\u00e7ilmi\u015f Ola\u011fan\u00fcst\u00fc M\u00fclkler<\/h2>\t\t\t\t<\/div>\n\t\t\t\t<div class=\"elementor-element elementor-element-8ea4c29 elementor-widget elementor-widget-heading\" data-id=\"8ea4c29\" data-element_type=\"widget\" data-e-type=\"widget\" data-widget_type=\"heading.default\">\n\t\t\t\t\t<div class=\"elementor-heading-title elementor-size-default\">Kalite, g\u00fcven ve ki\u015fiye \u00f6zel hizmete odaklanan, gayrimenkul sekt\u00f6r\u00fcne yepyeni bir bak\u0131\u015f a\u00e7\u0131s\u0131n\u0131 ke\u015ffedin.<\/div>\t\t\t\t<\/div>\n\t\t\t\t\t<\/div>\n\t\t<\/div>\n\t\t\t\t<div class=\"elementor-column elementor-col-50 elementor-top-column elementor-element elementor-element-647a15a\" data-id=\"647a15a\" data-element_type=\"column\" data-e-type=\"column\">\n\t\t\t<div class=\"elementor-widget-wrap elementor-element-populated\">\n\t\t\t\t\t\t<div class=\"elementor-element elementor-element-587950f elementor-align-right elementor-mobile-align-left elementor-widget elementor-widget-button\" data-id=\"587950f\" data-element_type=\"widget\" data-e-type=\"widget\" data-widget_type=\"button.default\">\n\t\t\t\t\t\t\t\t\t\t<a class=\"elementor-button elementor-button-link elementor-size-md\" href=\"https:\/\/istanbulpropertyservices.com\/tr\/iletisim\/\">\n\t\t\t\t\t\t<span class=\"elementor-button-content-wrapper\">\n\t\t\t\t\t\t\t\t\t<span class=\"elementor-button-text\">Bize Ula\u015f\u0131n<\/span>\n\t\t\t\t\t<\/span>\n\t\t\t\t\t<\/a>\n\t\t\t\t\t\t\t\t<\/div>\n\t\t\t\t\t<\/div>\n\t\t<\/div>\n\t\t\t\t\t<\/div>\n\t\t<\/section>\n\t\t\t\t<\/div>\n\t\t","protected":false},"excerpt":{"rendered":"<p>Sa\u011fl\u0131k Hizmetleri Istanbul Property Services olarak, uluslararas\u0131 m\u00fc\u015fterilerimizi d\u00fcnya standartlar\u0131nda t\u0131bbi kurumlar ve y\u00fcksek nitelikli uzmanlarla bulu\u015fturarak T\u00fcrkiye\u2019de kapsaml\u0131 sa\u011fl\u0131k dan\u0131\u015fmanl\u0131\u011f\u0131 hizmetleri sunuyoruz. T\u00fcrkiye, ileri sa\u011fl\u0131k standartlar\u0131n\u0131 uygun maliyetler ve ki\u015fiselle\u015ftirilmi\u015f bak\u0131m ile birle\u015ftirerek medikal turizmde \u00f6nde gelen destinasyonlardan biri haline gelmi\u015ftir. Sizi, do\u011fru hastane ve uzman se\u00e7imi, randevu planlamas\u0131, tedavi s\u00fcrecinin organize edilmesi ve [&hellip;]<\/p>\n","protected":false},"author":1,"featured_media":0,"parent":0,"menu_order":0,"comment_status":"closed","ping_status":"closed","template":"","meta":{"footnotes":""},"class_list":["post-4803","page","type-page","status-publish","hentry"],"_links":{"self":[{"href":"https:\/\/istanbulpropertyservices.com\/tr\/wp-json\/wp\/v2\/pages\/4803","targetHints":{"allow":["GET"]}}],"collection":[{"href":"https:\/\/istanbulpropertyservices.com\/tr\/wp-json\/wp\/v2\/pages"}],"about":[{"href":"https:\/\/istanbulpropertyservices.com\/tr\/wp-json\/wp\/v2\/types\/page"}],"author":[{"embeddable":true,"href":"https:\/\/istanbulpropertyservices.com\/tr\/wp-json\/wp\/v2\/users\/1"}],"replies":[{"embeddable":true,"href":"https:\/\/istanbulpropertyservices.com\/tr\/wp-json\/wp\/v2\/comments?post=4803"}],"version-history":[{"count":11,"href":"https:\/\/istanbulpropertyservices.com\/tr\/wp-json\/wp\/v2\/pages\/4803\/revisions"}],"predecessor-version":[{"id":6388,"href":"https:\/\/istanbulpropertyservices.com\/tr\/wp-json\/wp\/v2\/pages\/4803\/revisions\/6388"}],"wp:attachment":[{"href":"https:\/\/istanbulpropertyservices.com\/tr\/wp-json\/wp\/v2\/media?parent=4803"}],"curies":[{"name":"wp","href":"https:\/\/api.w.org\/{rel}","templated":true}]}}