{"id":4781,"date":"2026-04-02T22:49:33","date_gmt":"2026-04-02T22:49:33","guid":{"rendered":"https:\/\/istanbulpropertyservices.com\/greece-property-investment-golden-visa\/"},"modified":"2026-04-15T22:23:05","modified_gmt":"2026-04-15T22:23:05","slug":"yunanistanda-gayrimenkul-yatirimi-ve-altin-vize","status":"publish","type":"page","link":"https:\/\/istanbulpropertyservices.com\/tr\/yunanistanda-gayrimenkul-yatirimi-ve-altin-vize\/","title":{"rendered":"Yunanistan&#8217;da Gayrimenkul Yat\u0131r\u0131m\u0131 ve Alt\u0131n Vize"},"content":{"rendered":"\t\t<div data-elementor-type=\"wp-page\" data-elementor-id=\"4781\" class=\"elementor elementor-4781 elementor-4133\">\n\t\t\t\t\t\t<section class=\"elementor-section elementor-top-section elementor-element elementor-element-28a5a67 elementor-section-stretched elementor-section-boxed elementor-section-height-default elementor-section-height-default\" data-id=\"28a5a67\" data-element_type=\"section\" data-e-type=\"section\" data-settings=\"{&quot;stretch_section&quot;:&quot;section-stretched&quot;}\">\n\t\t\t\t\t\t<div class=\"elementor-container elementor-column-gap-extended\">\n\t\t\t\t\t<div class=\"elementor-column elementor-col-100 elementor-top-column elementor-element elementor-element-139804a\" data-id=\"139804a\" data-element_type=\"column\" data-e-type=\"column\">\n\t\t\t<div class=\"elementor-widget-wrap elementor-element-populated\">\n\t\t\t\t\t\t<div class=\"elementor-element elementor-element-79425f9 elementor-widget elementor-widget-heading\" data-id=\"79425f9\" data-element_type=\"widget\" data-e-type=\"widget\" data-widget_type=\"heading.default\">\n\t\t\t\t\t<h2 class=\"elementor-heading-title elementor-size-default\">Yunanistan'da Gayrimenkul Yat\u0131r\u0131m\u0131 ve Alt\u0131n Vize<\/h2>\t\t\t\t<\/div>\n\t\t\t\t\t<\/div>\n\t\t<\/div>\n\t\t\t\t\t<\/div>\n\t\t<\/section>\n\t\t\t\t<section class=\"elementor-section elementor-top-section elementor-element elementor-element-9a24bd4 elementor-section-stretched elementor-section-boxed elementor-section-height-default elementor-section-height-default\" data-id=\"9a24bd4\" data-element_type=\"section\" data-e-type=\"section\" data-settings=\"{&quot;stretch_section&quot;:&quot;section-stretched&quot;}\">\n\t\t\t\t\t\t<div class=\"elementor-container elementor-column-gap-extended\">\n\t\t\t\t\t<div class=\"elementor-column elementor-col-50 elementor-top-column elementor-element elementor-element-d8105d7\" data-id=\"d8105d7\" data-element_type=\"column\" data-e-type=\"column\">\n\t\t\t<div class=\"elementor-widget-wrap elementor-element-populated\">\n\t\t\t\t\t\t<div class=\"elementor-element elementor-element-42e8df3 elementor-widget elementor-widget-text-editor\" data-id=\"42e8df3\" data-element_type=\"widget\" data-e-type=\"widget\" data-widget_type=\"text-editor.default\">\n\t\t\t\t\t\t\t\t\t<p style=\"text-align: justify;\"><span style=\"font-weight: 400;\">Yunanistan, <\/span><b>Avrupa&#8217;da ikamet etmenin avantajlar\u0131n\u0131 g\u00fc\u00e7l\u00fc turizm talebi ve cazip ya\u015fam tarz\u0131yla birle\u015ftiriyor<\/b><span style=\"font-weight: 400;\">.<\/span><\/p>\n<p style=\"text-align: justify;\"><span style=\"font-weight: 400;\">Yat\u0131r\u0131mc\u0131lara, <\/span><b>Yunanistan Alt\u0131n Vize program\u0131na<\/b><span style=\"font-weight: 400;\"> uygun gayrimenkuller edinmeleri konusunda rehberlik ederken, ayn\u0131 zamanda cazip kira geliri potansiyeli de sunuyoruz.<\/span><\/p>\n<p style=\"text-align: justify;\"><b>F\u0131rsatlar aras\u0131nda \u015funlar yer almaktad\u0131r:<\/b><\/p>\n\n<ul>\n     <li style=\"font-weight: 400; text-align: justify;\" aria-level=\u201c1\u201d><span style=\"font-weight: 400;\">Alt\u0131n Vize kriterlerine uygun gayrimenkuller<\/span>&nbsp;<\/li>\n \t<li style=\"font-weight: 400; text-align: justify;\" aria-level=\u201c1\u201d><span style=\"font-weight: 400;\">K\u0131y\u0131 ve ada destinasyonlar\u0131ndaki tatil evleri<\/span>&nbsp;<\/li>\n \t<li style=\"font-weight: 400; text-align: justify;\" aria-level=\u201c1\u201d><span style=\"font-weight: 400;\">Atina \u015fehir daireleri<\/span>&nbsp;<\/li>\n \t<li style=\"font-weight: 400; text-align: justify;\" aria-level=\u201c1\u201d><span style=\"font-weight: 400;\">Butik k\u0131sa s\u00fcreli kiralama yat\u0131r\u0131mlar\u0131<\/span><\/li>\n<\/ul>\t\t\t\t\t\t\t\t<\/div>\n\t\t\t\t\t<\/div>\n\t\t<\/div>\n\t\t\t\t<div class=\"elementor-column elementor-col-50 elementor-top-column elementor-element elementor-element-53cf895\" data-id=\"53cf895\" data-element_type=\"column\" data-e-type=\"column\">\n\t\t\t<div class=\"elementor-widget-wrap elementor-element-populated\">\n\t\t\t\t\t\t<div class=\"elementor-element elementor-element-6f423a5 elementor-widget elementor-widget-image\" data-id=\"6f423a5\" data-element_type=\"widget\" data-e-type=\"widget\" data-widget_type=\"image.default\">\n\t\t\t\t\t\t\t\t\t\t\t\t\t\t\t<img fetchpriority=\"high\" decoding=\"async\" width=\"660\" height=\"440\" src=\"https:\/\/istanbulpropertyservices.com\/wp-content\/uploads\/2026\/04\/greece-property-investment-golden-visa-1024x683.webp\" class=\"attachment-large size-large wp-image-4782\" alt=\"\" srcset=\"https:\/\/istanbulpropertyservices.com\/wp-content\/uploads\/2026\/04\/greece-property-investment-golden-visa-1024x683.webp 1024w, https:\/\/istanbulpropertyservices.com\/wp-content\/uploads\/2026\/04\/greece-property-investment-golden-visa-300x200.webp 300w, https:\/\/istanbulpropertyservices.com\/wp-content\/uploads\/2026\/04\/greece-property-investment-golden-visa-768x512.webp 768w, https:\/\/istanbulpropertyservices.com\/wp-content\/uploads\/2026\/04\/greece-property-investment-golden-visa-600x400.webp 600w, https:\/\/istanbulpropertyservices.com\/wp-content\/uploads\/2026\/04\/greece-property-investment-golden-visa.webp 1536w\" sizes=\"(max-width: 660px) 100vw, 660px\" \/>\t\t\t\t\t\t\t\t\t\t\t\t\t\t\t<\/div>\n\t\t\t\t\t<\/div>\n\t\t<\/div>\n\t\t\t\t\t<\/div>\n\t\t<\/section>\n\t\t\t\t<section class=\"elementor-section elementor-top-section elementor-element elementor-element-bff938a elementor-section-stretched elementor-section-content-middle elementor-section-boxed elementor-section-height-default elementor-section-height-default\" data-id=\"bff938a\" data-element_type=\"section\" data-e-type=\"section\" data-settings=\"{&quot;stretch_section&quot;:&quot;section-stretched&quot;,&quot;background_background&quot;:&quot;classic&quot;}\">\n\t\t\t\t\t\t<div class=\"elementor-container elementor-column-gap-extended\">\n\t\t\t\t\t<div class=\"elementor-column elementor-col-50 elementor-top-column elementor-element elementor-element-54fba3c\" data-id=\"54fba3c\" data-element_type=\"column\" data-e-type=\"column\">\n\t\t\t<div class=\"elementor-widget-wrap elementor-element-populated\">\n\t\t\t\t\t\t<div class=\"elementor-element elementor-element-03d3c32 elementor-widget elementor-widget-heading\" data-id=\"03d3c32\" data-element_type=\"widget\" data-e-type=\"widget\" data-widget_type=\"heading.default\">\n\t\t\t\t\t<h2 class=\"elementor-heading-title elementor-size-default\">Size \u00d6zel Se\u00e7ilmi\u015f Ola\u011fan\u00fcst\u00fc M\u00fclkler<\/h2>\t\t\t\t<\/div>\n\t\t\t\t<div class=\"elementor-element elementor-element-b495ee1 elementor-widget elementor-widget-heading\" data-id=\"b495ee1\" data-element_type=\"widget\" data-e-type=\"widget\" data-widget_type=\"heading.default\">\n\t\t\t\t\t<div class=\"elementor-heading-title elementor-size-default\">Kalite, g\u00fcven ve ki\u015fiye \u00f6zel hizmete odaklanan, gayrimenkul sekt\u00f6r\u00fcne yepyeni bir bak\u0131\u015f a\u00e7\u0131s\u0131n\u0131 ke\u015ffedin.<\/div>\t\t\t\t<\/div>\n\t\t\t\t\t<\/div>\n\t\t<\/div>\n\t\t\t\t<div class=\"elementor-column elementor-col-50 elementor-top-column elementor-element elementor-element-6504f36\" data-id=\"6504f36\" data-element_type=\"column\" data-e-type=\"column\">\n\t\t\t<div class=\"elementor-widget-wrap elementor-element-populated\">\n\t\t\t\t\t\t<div class=\"elementor-element elementor-element-0f414eb elementor-align-right elementor-mobile-align-left elementor-widget elementor-widget-button\" data-id=\"0f414eb\" data-element_type=\"widget\" data-e-type=\"widget\" data-widget_type=\"button.default\">\n\t\t\t\t\t\t\t\t\t\t<a class=\"elementor-button elementor-button-link elementor-size-md\" href=\"https:\/\/istanbulpropertyservices.com\/tr\/iletisim\/\">\n\t\t\t\t\t\t<span class=\"elementor-button-content-wrapper\">\n\t\t\t\t\t\t\t\t\t<span class=\"elementor-button-text\">Bize Ula\u015f\u0131n<\/span>\n\t\t\t\t\t<\/span>\n\t\t\t\t\t<\/a>\n\t\t\t\t\t\t\t\t<\/div>\n\t\t\t\t\t<\/div>\n\t\t<\/div>\n\t\t\t\t\t<\/div>\n\t\t<\/section>\n\t\t\t\t<\/div>\n\t\t","protected":false},"excerpt":{"rendered":"<p>Yunanistan&#8217;da Gayrimenkul Yat\u0131r\u0131m\u0131 ve Alt\u0131n Vize Yunanistan, Avrupa&#8217;da ikamet etmenin avantajlar\u0131n\u0131 g\u00fc\u00e7l\u00fc turizm talebi ve cazip ya\u015fam tarz\u0131yla birle\u015ftiriyor. Yat\u0131r\u0131mc\u0131lara, Yunanistan Alt\u0131n Vize program\u0131na uygun gayrimenkuller edinmeleri konusunda rehberlik ederken, ayn\u0131 zamanda cazip kira geliri potansiyeli de sunuyoruz. F\u0131rsatlar aras\u0131nda \u015funlar yer almaktad\u0131r: Alt\u0131n Vize kriterlerine uygun gayrimenkuller&nbsp; K\u0131y\u0131 ve ada destinasyonlar\u0131ndaki tatil evleri&nbsp; Atina [&hellip;]<\/p>\n","protected":false},"author":1,"featured_media":0,"parent":0,"menu_order":0,"comment_status":"closed","ping_status":"closed","template":"","meta":{"footnotes":""},"class_list":["post-4781","page","type-page","status-publish","hentry"],"_links":{"self":[{"href":"https:\/\/istanbulpropertyservices.com\/tr\/wp-json\/wp\/v2\/pages\/4781","targetHints":{"allow":["GET"]}}],"collection":[{"href":"https:\/\/istanbulpropertyservices.com\/tr\/wp-json\/wp\/v2\/pages"}],"about":[{"href":"https:\/\/istanbulpropertyservices.com\/tr\/wp-json\/wp\/v2\/types\/page"}],"author":[{"embeddable":true,"href":"https:\/\/istanbulpropertyservices.com\/tr\/wp-json\/wp\/v2\/users\/1"}],"replies":[{"embeddable":true,"href":"https:\/\/istanbulpropertyservices.com\/tr\/wp-json\/wp\/v2\/comments?post=4781"}],"version-history":[{"count":11,"href":"https:\/\/istanbulpropertyservices.com\/tr\/wp-json\/wp\/v2\/pages\/4781\/revisions"}],"predecessor-version":[{"id":6400,"href":"https:\/\/istanbulpropertyservices.com\/tr\/wp-json\/wp\/v2\/pages\/4781\/revisions\/6400"}],"wp:attachment":[{"href":"https:\/\/istanbulpropertyservices.com\/tr\/wp-json\/wp\/v2\/media?parent=4781"}],"curies":[{"name":"wp","href":"https:\/\/api.w.org\/{rel}","templated":true}]}}