{"id":4773,"date":"2026-04-02T22:54:40","date_gmt":"2026-04-02T22:54:40","guid":{"rendered":"https:\/\/istanbulpropertyservices.com\/cyprus-property-investment\/"},"modified":"2026-04-15T22:10:25","modified_gmt":"2026-04-15T22:10:25","slug":"kibrista-gayrimenkul-yatirimi","status":"publish","type":"page","link":"https:\/\/istanbulpropertyservices.com\/tr\/kibrista-gayrimenkul-yatirimi\/","title":{"rendered":"K\u0131br\u0131s&#8217;ta Gayrimenkul Yat\u0131r\u0131m\u0131"},"content":{"rendered":"\t\t<div data-elementor-type=\"wp-page\" data-elementor-id=\"4773\" class=\"elementor elementor-4773 elementor-4153\">\n\t\t\t\t\t\t<section class=\"elementor-section elementor-top-section elementor-element elementor-element-28a5a67 elementor-section-stretched elementor-section-boxed elementor-section-height-default elementor-section-height-default\" data-id=\"28a5a67\" data-element_type=\"section\" data-e-type=\"section\" data-settings=\"{&quot;stretch_section&quot;:&quot;section-stretched&quot;}\">\n\t\t\t\t\t\t<div class=\"elementor-container elementor-column-gap-extended\">\n\t\t\t\t\t<div class=\"elementor-column elementor-col-100 elementor-top-column elementor-element elementor-element-139804a\" data-id=\"139804a\" data-element_type=\"column\" data-e-type=\"column\">\n\t\t\t<div class=\"elementor-widget-wrap elementor-element-populated\">\n\t\t\t\t\t\t<div class=\"elementor-element elementor-element-79425f9 elementor-widget elementor-widget-heading\" data-id=\"79425f9\" data-element_type=\"widget\" data-e-type=\"widget\" data-widget_type=\"heading.default\">\n\t\t\t\t\t<h2 class=\"elementor-heading-title elementor-size-default\">K\u0131br\u0131s'ta Gayrimenkul Yat\u0131r\u0131m\u0131<\/h2>\t\t\t\t<\/div>\n\t\t\t\t\t<\/div>\n\t\t<\/div>\n\t\t\t\t\t<\/div>\n\t\t<\/section>\n\t\t\t\t<section class=\"elementor-section elementor-top-section elementor-element elementor-element-9a24bd4 elementor-section-stretched elementor-section-boxed elementor-section-height-default elementor-section-height-default\" data-id=\"9a24bd4\" data-element_type=\"section\" data-e-type=\"section\" data-settings=\"{&quot;stretch_section&quot;:&quot;section-stretched&quot;}\">\n\t\t\t\t\t\t<div class=\"elementor-container elementor-column-gap-extended\">\n\t\t\t\t\t<div class=\"elementor-column elementor-col-50 elementor-top-column elementor-element elementor-element-d8105d7\" data-id=\"d8105d7\" data-element_type=\"column\" data-e-type=\"column\">\n\t\t\t<div class=\"elementor-widget-wrap elementor-element-populated\">\n\t\t\t\t\t\t<div class=\"elementor-element elementor-element-42e8df3 elementor-widget elementor-widget-text-editor\" data-id=\"42e8df3\" data-element_type=\"widget\" data-e-type=\"widget\" data-widget_type=\"text-editor.default\">\n\t\t\t\t\t\t\t\t\t<p style=\"text-align: justify;\"><span style=\"font-weight: 400;\">K\u0131br\u0131s, <\/span><b>Akdeniz ya\u015fam tarz\u0131, avantajl\u0131 vergi sistemi ve g\u00fc\u00e7l\u00fc kira piyasas\u0131<\/b><span style=\"font-weight: 400;\"> sayesinde uluslararas\u0131 yat\u0131r\u0131mc\u0131lar i\u00e7in pop\u00fcler bir destinasyon haline gelmi\u015ftir.<\/span><\/p>\n\n<p style=\"text-align: justify;\"><span style=\"font-weight: 400;\">Ada, hem <\/span><b>tatil evi hem de uzun vadeli yat\u0131r\u0131m ama\u00e7l\u0131 gayrimenkuller<\/b><span style=\"font-weight: 400;\"> i\u00e7in m\u00fckemmel f\u0131rsatlar sunmaktad\u0131r.<\/span><\/p>\n\n<p style=\"text-align: justify;\"><b>F\u0131rsatlar \u015funlar\u0131 i\u00e7erir:<\/b><\/p>\n\n<ul>\n \t<li style=\"font-weight: 400;\" aria-level=\"1\"><span style=\"font-weight: 400;\">Deniz kenar\u0131nda apartman daireleri ve villalar<\/span><span style=\"font-weight: 400;\">\n<\/span><\/li>\n \t<li style=\"font-weight: 400;\" aria-level=\"1\"><span style=\"font-weight: 400;\">Limasol ve Baf b\u00f6lgelerinde yat\u0131r\u0131m m\u00fclkleri<\/span><span style=\"font-weight: 400;\">\n<\/span><\/li>\n \t<li style=\"font-weight: 400;\" aria-level=\"1\"><span style=\"font-weight: 400;\">K\u0131sa d\u00f6nem kiralama (tatil kiralama) f\u0131rsatlar\u0131<\/span><span style=\"font-weight: 400;\">\n<\/span><\/li>\n \t<li style=\"text-align: justify;\"><span style=\"font-weight: 400;\">AB oturum izni ba\u011flant\u0131l\u0131 gayrimenkul yat\u0131r\u0131mlar\u0131<\/span><span style=\"font-weight: 400;\">\n<\/span><\/li>\n<\/ul>\t\t\t\t\t\t\t\t<\/div>\n\t\t\t\t\t<\/div>\n\t\t<\/div>\n\t\t\t\t<div class=\"elementor-column elementor-col-50 elementor-top-column elementor-element elementor-element-53cf895\" data-id=\"53cf895\" data-element_type=\"column\" data-e-type=\"column\">\n\t\t\t<div class=\"elementor-widget-wrap elementor-element-populated\">\n\t\t\t\t\t\t<div class=\"elementor-element elementor-element-6f423a5 elementor-widget elementor-widget-image\" data-id=\"6f423a5\" data-element_type=\"widget\" data-e-type=\"widget\" data-widget_type=\"image.default\">\n\t\t\t\t\t\t\t\t\t\t\t\t\t\t\t<img fetchpriority=\"high\" decoding=\"async\" width=\"660\" height=\"440\" src=\"https:\/\/istanbulpropertyservices.com\/wp-content\/uploads\/2026\/04\/cyprus-property-investment-1024x683.webp\" class=\"attachment-large size-large wp-image-4774\" alt=\"\" srcset=\"https:\/\/istanbulpropertyservices.com\/wp-content\/uploads\/2026\/04\/cyprus-property-investment-1024x683.webp 1024w, https:\/\/istanbulpropertyservices.com\/wp-content\/uploads\/2026\/04\/cyprus-property-investment-300x200.webp 300w, https:\/\/istanbulpropertyservices.com\/wp-content\/uploads\/2026\/04\/cyprus-property-investment-768x512.webp 768w, https:\/\/istanbulpropertyservices.com\/wp-content\/uploads\/2026\/04\/cyprus-property-investment-600x400.webp 600w, https:\/\/istanbulpropertyservices.com\/wp-content\/uploads\/2026\/04\/cyprus-property-investment.webp 1536w\" sizes=\"(max-width: 660px) 100vw, 660px\" \/>\t\t\t\t\t\t\t\t\t\t\t\t\t\t\t<\/div>\n\t\t\t\t\t<\/div>\n\t\t<\/div>\n\t\t\t\t\t<\/div>\n\t\t<\/section>\n\t\t\t\t<section class=\"elementor-section elementor-top-section elementor-element elementor-element-a76b916 elementor-section-stretched elementor-section-content-middle elementor-section-boxed elementor-section-height-default elementor-section-height-default\" data-id=\"a76b916\" data-element_type=\"section\" data-e-type=\"section\" data-settings=\"{&quot;stretch_section&quot;:&quot;section-stretched&quot;,&quot;background_background&quot;:&quot;classic&quot;}\">\n\t\t\t\t\t\t<div class=\"elementor-container elementor-column-gap-extended\">\n\t\t\t\t\t<div class=\"elementor-column elementor-col-50 elementor-top-column elementor-element elementor-element-f98ed2f\" data-id=\"f98ed2f\" data-element_type=\"column\" data-e-type=\"column\">\n\t\t\t<div class=\"elementor-widget-wrap elementor-element-populated\">\n\t\t\t\t\t\t<div class=\"elementor-element elementor-element-ace3932 elementor-widget elementor-widget-heading\" data-id=\"ace3932\" data-element_type=\"widget\" data-e-type=\"widget\" data-widget_type=\"heading.default\">\n\t\t\t\t\t<h2 class=\"elementor-heading-title elementor-size-default\">Size \u00d6zel Se\u00e7ilmi\u015f Ola\u011fan\u00fcst\u00fc M\u00fclkler<\/h2>\t\t\t\t<\/div>\n\t\t\t\t<div class=\"elementor-element elementor-element-7450f18 elementor-widget elementor-widget-heading\" data-id=\"7450f18\" data-element_type=\"widget\" data-e-type=\"widget\" data-widget_type=\"heading.default\">\n\t\t\t\t\t<div class=\"elementor-heading-title elementor-size-default\">Kalite, g\u00fcven ve ki\u015fiye \u00f6zel hizmete odaklanan, gayrimenkul sekt\u00f6r\u00fcne yepyeni bir bak\u0131\u015f a\u00e7\u0131s\u0131n\u0131 ke\u015ffedin.<\/div>\t\t\t\t<\/div>\n\t\t\t\t\t<\/div>\n\t\t<\/div>\n\t\t\t\t<div class=\"elementor-column elementor-col-50 elementor-top-column elementor-element elementor-element-319d10e\" data-id=\"319d10e\" data-element_type=\"column\" data-e-type=\"column\">\n\t\t\t<div class=\"elementor-widget-wrap elementor-element-populated\">\n\t\t\t\t\t\t<div class=\"elementor-element elementor-element-56cc71c elementor-align-right elementor-mobile-align-left elementor-widget elementor-widget-button\" data-id=\"56cc71c\" data-element_type=\"widget\" data-e-type=\"widget\" data-widget_type=\"button.default\">\n\t\t\t\t\t\t\t\t\t\t<a class=\"elementor-button elementor-button-link elementor-size-md\" href=\"https:\/\/istanbulpropertyservices.com\/tr\/iletisim\/\">\n\t\t\t\t\t\t<span class=\"elementor-button-content-wrapper\">\n\t\t\t\t\t\t\t\t\t<span class=\"elementor-button-text\">Bize Ula\u015f\u0131n<\/span>\n\t\t\t\t\t<\/span>\n\t\t\t\t\t<\/a>\n\t\t\t\t\t\t\t\t<\/div>\n\t\t\t\t\t<\/div>\n\t\t<\/div>\n\t\t\t\t\t<\/div>\n\t\t<\/section>\n\t\t\t\t<\/div>\n\t\t","protected":false},"excerpt":{"rendered":"<p>K\u0131br\u0131s&#8217;ta Gayrimenkul Yat\u0131r\u0131m\u0131 K\u0131br\u0131s, Akdeniz ya\u015fam tarz\u0131, avantajl\u0131 vergi sistemi ve g\u00fc\u00e7l\u00fc kira piyasas\u0131 sayesinde uluslararas\u0131 yat\u0131r\u0131mc\u0131lar i\u00e7in pop\u00fcler bir destinasyon haline gelmi\u015ftir. Ada, hem tatil evi hem de uzun vadeli yat\u0131r\u0131m ama\u00e7l\u0131 gayrimenkuller i\u00e7in m\u00fckemmel f\u0131rsatlar sunmaktad\u0131r. F\u0131rsatlar \u015funlar\u0131 i\u00e7erir: Deniz kenar\u0131nda apartman daireleri ve villalar Limasol ve Baf b\u00f6lgelerinde yat\u0131r\u0131m m\u00fclkleri K\u0131sa d\u00f6nem [&hellip;]<\/p>\n","protected":false},"author":1,"featured_media":0,"parent":0,"menu_order":0,"comment_status":"closed","ping_status":"closed","template":"","meta":{"footnotes":""},"class_list":["post-4773","page","type-page","status-publish","hentry"],"_links":{"self":[{"href":"https:\/\/istanbulpropertyservices.com\/tr\/wp-json\/wp\/v2\/pages\/4773","targetHints":{"allow":["GET"]}}],"collection":[{"href":"https:\/\/istanbulpropertyservices.com\/tr\/wp-json\/wp\/v2\/pages"}],"about":[{"href":"https:\/\/istanbulpropertyservices.com\/tr\/wp-json\/wp\/v2\/types\/page"}],"author":[{"embeddable":true,"href":"https:\/\/istanbulpropertyservices.com\/tr\/wp-json\/wp\/v2\/users\/1"}],"replies":[{"embeddable":true,"href":"https:\/\/istanbulpropertyservices.com\/tr\/wp-json\/wp\/v2\/comments?post=4773"}],"version-history":[{"count":8,"href":"https:\/\/istanbulpropertyservices.com\/tr\/wp-json\/wp\/v2\/pages\/4773\/revisions"}],"predecessor-version":[{"id":6364,"href":"https:\/\/istanbulpropertyservices.com\/tr\/wp-json\/wp\/v2\/pages\/4773\/revisions\/6364"}],"wp:attachment":[{"href":"https:\/\/istanbulpropertyservices.com\/tr\/wp-json\/wp\/v2\/media?parent=4773"}],"curies":[{"name":"wp","href":"https:\/\/api.w.org\/{rel}","templated":true}]}}