{"id":4715,"date":"2026-04-04T03:10:21","date_gmt":"2026-04-04T03:10:21","guid":{"rendered":"https:\/\/istanbulpropertyservices.com\/need-legal-services\/"},"modified":"2026-04-15T21:48:49","modified_gmt":"2026-04-15T21:48:49","slug":"hukuki-yardima-mi-ihtiyaciniz-var","status":"publish","type":"page","link":"https:\/\/istanbulpropertyservices.com\/tr\/hukuki-yardima-mi-ihtiyaciniz-var\/","title":{"rendered":"Hukuki yard\u0131ma m\u0131 ihtiyac\u0131n\u0131z var?"},"content":{"rendered":"\t\t<div data-elementor-type=\"wp-page\" data-elementor-id=\"4715\" class=\"elementor elementor-4715 elementor-4303\">\n\t\t\t\t\t\t<section class=\"elementor-section elementor-top-section elementor-element elementor-element-28a5a67 elementor-section-stretched elementor-section-boxed elementor-section-height-default elementor-section-height-default\" data-id=\"28a5a67\" data-element_type=\"section\" data-e-type=\"section\" data-settings=\"{&quot;stretch_section&quot;:&quot;section-stretched&quot;}\">\n\t\t\t\t\t\t<div class=\"elementor-container elementor-column-gap-extended\">\n\t\t\t\t\t<div class=\"elementor-column elementor-col-100 elementor-top-column elementor-element elementor-element-139804a\" data-id=\"139804a\" data-element_type=\"column\" data-e-type=\"column\">\n\t\t\t<div class=\"elementor-widget-wrap elementor-element-populated\">\n\t\t\t\t\t\t<div class=\"elementor-element elementor-element-79425f9 elementor-widget elementor-widget-heading\" data-id=\"79425f9\" data-element_type=\"widget\" data-e-type=\"widget\" data-widget_type=\"heading.default\">\n\t\t\t\t\t<h2 class=\"elementor-heading-title elementor-size-default\">Hukuki yard\u0131ma m\u0131 ihtiyac\u0131n\u0131z var?<\/h2>\t\t\t\t<\/div>\n\t\t\t\t\t<\/div>\n\t\t<\/div>\n\t\t\t\t\t<\/div>\n\t\t<\/section>\n\t\t\t\t<section class=\"elementor-section elementor-top-section elementor-element elementor-element-9a24bd4 elementor-section-stretched elementor-section-boxed elementor-section-height-default elementor-section-height-default\" data-id=\"9a24bd4\" data-element_type=\"section\" data-e-type=\"section\" data-settings=\"{&quot;stretch_section&quot;:&quot;section-stretched&quot;}\">\n\t\t\t\t\t\t<div class=\"elementor-container elementor-column-gap-extended\">\n\t\t\t\t\t<div class=\"elementor-column elementor-col-50 elementor-top-column elementor-element elementor-element-d8105d7\" data-id=\"d8105d7\" data-element_type=\"column\" data-e-type=\"column\">\n\t\t\t<div class=\"elementor-widget-wrap elementor-element-populated\">\n\t\t\t\t\t\t<div class=\"elementor-element elementor-element-42e8df3 elementor-widget elementor-widget-text-editor\" data-id=\"42e8df3\" data-element_type=\"widget\" data-e-type=\"widget\" data-widget_type=\"text-editor.default\">\n\t\t\t\t\t\t\t\t\t<p style=\"text-align: justify;\">Gayrimenkul ve finansal i\u015flemlerde yasal s\u00fcre\u00e7leri y\u00f6netmek; hassasiyet, uzmanl\u0131k ve tam mevzuat uyumu gerektirir. Istanbul Property Services olarak, g\u00fcvenilir \u00e7\u00f6z\u00fcm ortaklar\u0131m\u0131z arac\u0131l\u0131\u011f\u0131yla kapsaml\u0131 hukuk deste\u011fi sunuyor ve yat\u0131r\u0131m\u0131n\u0131z\u0131n her a\u015famas\u0131n\u0131n g\u00fcvenli ve T\u00fcrk hukukuna tam uyumlu olmas\u0131n\u0131 sa\u011fl\u0131yoruz.<\/p>\n\n<p style=\"text-align: justify;\">Hukuk a\u011f\u0131m\u0131z T\u00fcrkiye\u2019nin 81 ilinde faaliyet g\u00f6stermekte olup 350\u2019den fazla hukuk b\u00fcrosu ve 600+ lisansl\u0131 avukat taraf\u0131ndan desteklenmektedir. Bu geni\u015f kapsam, hem bireysel hem de kurumsal m\u00fc\u015fterilere h\u0131zl\u0131, g\u00fcvenilir ve profesyonel hukuk hizmetleri sunmam\u0131z\u0131 sa\u011flar.<\/p>\n\n<p style=\"text-align: justify;\">Ortaklar\u0131m\u0131z ayr\u0131ca birden fazla banka ve finans kurulu\u015fu i\u00e7in mortgage s\u00fcre\u00e7lerinde aktif olarak g\u00f6rev almakta olup, karma\u015f\u0131k finansal ve hukuki i\u015flemlerde y\u00fcksek uzmanl\u0131k sa\u011flamaktad\u0131r.<\/p>\n\n<p style=\"text-align: justify;\">Hukuki hizmetlerimiz \u015funlar\u0131 kapsamaktad\u0131r:<\/p>\n\n<ul style=\"text-align: justify;\">\n \t<li>Tapu M\u00fcd\u00fcrl\u00fc\u011f\u00fc nezdinde gayrimenkul m\u00fclkiyet ve durum tespiti (due diligence) ve do\u011frulama<\/li>\n \t<li>Mortgage s\u00f6zle\u015fmelerinin ve hukuki belgelerin haz\u0131rlanmas\u0131 ve de\u011fi\u015ftirilmesi<\/li>\n \t<li>S\u00f6zle\u015fmelerin hukuki incelemesi ve uyumluluk do\u011frulamas\u0131<\/li>\n \t<li>Ticari finansmanda kullan\u0131lan mortgage teminatl\u0131 varl\u0131klar\u0131n s\u00fcrekli analiz ve raporlamas\u0131<\/li>\n \t<li>Resmi makamlar \u00fczerinden ger\u00e7ekle\u015ftirilen mortgage i\u015flemlerinin hukuki do\u011frulama ve kontrol\u00fc<\/li>\n \t<li>\u0130poteklerin sona erdirilmesi ve kald\u0131r\u0131lmas\u0131<\/li>\n<\/ul>\n\n<p style=\"text-align: justify;\">T\u00fcm i\u015flemler ve hukuki belgeler, olas\u0131 risklere kar\u015f\u0131 ek koruma sa\u011flayan mesleki sorumluluk ve mali sorumluluk sigortas\u0131 kapsam\u0131ndad\u0131r.<\/p>\t\t\t\t\t\t\t\t<\/div>\n\t\t\t\t\t<\/div>\n\t\t<\/div>\n\t\t\t\t<div class=\"elementor-column elementor-col-50 elementor-top-column elementor-element elementor-element-53cf895\" data-id=\"53cf895\" data-element_type=\"column\" data-e-type=\"column\">\n\t\t\t<div class=\"elementor-widget-wrap elementor-element-populated\">\n\t\t\t\t\t\t\t\t\t\n\t\t\t<img class=\"e-image-base \" \n\t\t\t\t\tdata-interaction-id=\"1cfcd8c\" \n\t\t \n\t\t \n\t\t\t\t\t\t\t\t\tid=\"5489\"\n\t\t\t\t\t\t\t\t\t\t\t\tsrc=\"https:\/\/istanbulpropertyservices.com\/wp-content\/uploads\/2026\/04\/need-legal-services.webp\"\n\t\t\t\t\t\t\t\t\t\t\t\twidth=\"1536\"\n\t\t\t\t\t\t\t\t\t\t\t\theight=\"1024\"\n\t\t\t\t\t\t\t\t\t\t\t\tsrcset=\"https:\/\/istanbulpropertyservices.com\/wp-content\/uploads\/2026\/04\/need-legal-services.webp 1536w, https:\/\/istanbulpropertyservices.com\/wp-content\/uploads\/2026\/04\/need-legal-services-300x200.webp 300w, https:\/\/istanbulpropertyservices.com\/wp-content\/uploads\/2026\/04\/need-legal-services-1024x683.webp 1024w, https:\/\/istanbulpropertyservices.com\/wp-content\/uploads\/2026\/04\/need-legal-services-768x512.webp 768w, https:\/\/istanbulpropertyservices.com\/wp-content\/uploads\/2026\/04\/need-legal-services-600x400.webp 600w\"\n\t\t\t\t\t\t\t\t\t\t\t\talt=\"\"\n\t\t\t\t\t\t\/>\n\t\t\t\t\t\t<\/div>\n\t\t<\/div>\n\t\t\t\t\t<\/div>\n\t\t<\/section>\n\t\t\t\t<section class=\"elementor-section elementor-top-section elementor-element elementor-element-e1e390f elementor-section-stretched elementor-section-boxed elementor-section-height-default elementor-section-height-default\" data-id=\"e1e390f\" data-element_type=\"section\" data-e-type=\"section\" data-settings=\"{&quot;stretch_section&quot;:&quot;section-stretched&quot;,&quot;background_background&quot;:&quot;classic&quot;}\">\n\t\t\t\t\t\t<div class=\"elementor-container elementor-column-gap-extended\">\n\t\t\t\t\t<div class=\"elementor-column elementor-col-100 elementor-top-column elementor-element elementor-element-32af421\" data-id=\"32af421\" data-element_type=\"column\" data-e-type=\"column\">\n\t\t\t<div class=\"elementor-widget-wrap\">\n\t\t\t\t\t\t\t<\/div>\n\t\t<\/div>\n\t\t\t\t\t<\/div>\n\t\t<\/section>\n\t\t\t\t<section class=\"elementor-section elementor-top-section elementor-element elementor-element-9de4a1d elementor-section-stretched elementor-section-content-middle elementor-section-boxed elementor-section-height-default elementor-section-height-default\" data-id=\"9de4a1d\" data-element_type=\"section\" data-e-type=\"section\" data-settings=\"{&quot;stretch_section&quot;:&quot;section-stretched&quot;,&quot;background_background&quot;:&quot;classic&quot;}\">\n\t\t\t\t\t\t<div class=\"elementor-container elementor-column-gap-extended\">\n\t\t\t\t\t<div class=\"elementor-column elementor-col-50 elementor-top-column elementor-element elementor-element-968896c\" data-id=\"968896c\" data-element_type=\"column\" data-e-type=\"column\">\n\t\t\t<div class=\"elementor-widget-wrap elementor-element-populated\">\n\t\t\t\t\t\t<div class=\"elementor-element elementor-element-2effa7d elementor-widget elementor-widget-heading\" data-id=\"2effa7d\" data-element_type=\"widget\" data-e-type=\"widget\" data-widget_type=\"heading.default\">\n\t\t\t\t\t<h2 class=\"elementor-heading-title elementor-size-default\">Size \u00d6zel Se\u00e7ilmi\u015f Ola\u011fan\u00fcst\u00fc M\u00fclkler<\/h2>\t\t\t\t<\/div>\n\t\t\t\t<div class=\"elementor-element elementor-element-3095e90 elementor-widget elementor-widget-heading\" data-id=\"3095e90\" data-element_type=\"widget\" data-e-type=\"widget\" data-widget_type=\"heading.default\">\n\t\t\t\t\t<div class=\"elementor-heading-title elementor-size-default\">Kalite, g\u00fcven ve ki\u015fiye \u00f6zel hizmete odaklanan, gayrimenkul sekt\u00f6r\u00fcne yepyeni bir bak\u0131\u015f a\u00e7\u0131s\u0131n\u0131 ke\u015ffedin.<\/div>\t\t\t\t<\/div>\n\t\t\t\t\t<\/div>\n\t\t<\/div>\n\t\t\t\t<div class=\"elementor-column elementor-col-50 elementor-top-column elementor-element elementor-element-366ce64\" data-id=\"366ce64\" data-element_type=\"column\" data-e-type=\"column\">\n\t\t\t<div class=\"elementor-widget-wrap elementor-element-populated\">\n\t\t\t\t\t\t<div class=\"elementor-element elementor-element-dbf8ba9 elementor-align-right elementor-mobile-align-left elementor-widget elementor-widget-button\" data-id=\"dbf8ba9\" data-element_type=\"widget\" data-e-type=\"widget\" data-widget_type=\"button.default\">\n\t\t\t\t\t\t\t\t\t\t<a class=\"elementor-button elementor-button-link elementor-size-md\" href=\"https:\/\/istanbulpropertyservices.com\/tr\/iletisim\/\">\n\t\t\t\t\t\t<span class=\"elementor-button-content-wrapper\">\n\t\t\t\t\t\t\t\t\t<span class=\"elementor-button-text\">Bize Ula\u015f\u0131n<\/span>\n\t\t\t\t\t<\/span>\n\t\t\t\t\t<\/a>\n\t\t\t\t\t\t\t\t<\/div>\n\t\t\t\t\t<\/div>\n\t\t<\/div>\n\t\t\t\t\t<\/div>\n\t\t<\/section>\n\t\t\t\t<\/div>\n\t\t","protected":false},"excerpt":{"rendered":"<p>Hukuki yard\u0131ma m\u0131 ihtiyac\u0131n\u0131z var? Gayrimenkul ve finansal i\u015flemlerde yasal s\u00fcre\u00e7leri y\u00f6netmek; hassasiyet, uzmanl\u0131k ve tam mevzuat uyumu gerektirir. Istanbul Property Services olarak, g\u00fcvenilir \u00e7\u00f6z\u00fcm ortaklar\u0131m\u0131z arac\u0131l\u0131\u011f\u0131yla kapsaml\u0131 hukuk deste\u011fi sunuyor ve yat\u0131r\u0131m\u0131n\u0131z\u0131n her a\u015famas\u0131n\u0131n g\u00fcvenli ve T\u00fcrk hukukuna tam uyumlu olmas\u0131n\u0131 sa\u011fl\u0131yoruz. Hukuk a\u011f\u0131m\u0131z T\u00fcrkiye\u2019nin 81 ilinde faaliyet g\u00f6stermekte olup 350\u2019den fazla hukuk b\u00fcrosu [&hellip;]<\/p>\n","protected":false},"author":1,"featured_media":0,"parent":0,"menu_order":0,"comment_status":"closed","ping_status":"closed","template":"","meta":{"footnotes":""},"class_list":["post-4715","page","type-page","status-publish","hentry"],"_links":{"self":[{"href":"https:\/\/istanbulpropertyservices.com\/tr\/wp-json\/wp\/v2\/pages\/4715","targetHints":{"allow":["GET"]}}],"collection":[{"href":"https:\/\/istanbulpropertyservices.com\/tr\/wp-json\/wp\/v2\/pages"}],"about":[{"href":"https:\/\/istanbulpropertyservices.com\/tr\/wp-json\/wp\/v2\/types\/page"}],"author":[{"embeddable":true,"href":"https:\/\/istanbulpropertyservices.com\/tr\/wp-json\/wp\/v2\/users\/1"}],"replies":[{"embeddable":true,"href":"https:\/\/istanbulpropertyservices.com\/tr\/wp-json\/wp\/v2\/comments?post=4715"}],"version-history":[{"count":11,"href":"https:\/\/istanbulpropertyservices.com\/tr\/wp-json\/wp\/v2\/pages\/4715\/revisions"}],"predecessor-version":[{"id":6333,"href":"https:\/\/istanbulpropertyservices.com\/tr\/wp-json\/wp\/v2\/pages\/4715\/revisions\/6333"}],"wp:attachment":[{"href":"https:\/\/istanbulpropertyservices.com\/tr\/wp-json\/wp\/v2\/media?parent=4715"}],"curies":[{"name":"wp","href":"https:\/\/api.w.org\/{rel}","templated":true}]}}