{"id":4708,"date":"2026-04-04T01:49:59","date_gmt":"2026-04-04T01:49:59","guid":{"rendered":"https:\/\/istanbulpropertyservices.com\/mortgage\/"},"modified":"2026-04-15T22:12:26","modified_gmt":"2026-04-15T22:12:26","slug":"konut-kredisi","status":"publish","type":"page","link":"https:\/\/istanbulpropertyservices.com\/tr\/konut-kredisi\/","title":{"rendered":"Konut Kredisi"},"content":{"rendered":"\t\t<div data-elementor-type=\"wp-page\" data-elementor-id=\"4708\" class=\"elementor elementor-4708 elementor-4231\">\n\t\t\t\t\t\t<section class=\"elementor-section elementor-top-section elementor-element elementor-element-28a5a67 elementor-section-stretched elementor-section-boxed elementor-section-height-default elementor-section-height-default\" data-id=\"28a5a67\" data-element_type=\"section\" data-e-type=\"section\" data-settings=\"{&quot;stretch_section&quot;:&quot;section-stretched&quot;}\">\n\t\t\t\t\t\t<div class=\"elementor-container elementor-column-gap-extended\">\n\t\t\t\t\t<div class=\"elementor-column elementor-col-100 elementor-top-column elementor-element elementor-element-139804a\" data-id=\"139804a\" data-element_type=\"column\" data-e-type=\"column\">\n\t\t\t<div class=\"elementor-widget-wrap elementor-element-populated\">\n\t\t\t\t\t\t<div class=\"elementor-element elementor-element-79425f9 elementor-widget elementor-widget-heading\" data-id=\"79425f9\" data-element_type=\"widget\" data-e-type=\"widget\" data-widget_type=\"heading.default\">\n\t\t\t\t\t<h2 class=\"elementor-heading-title elementor-size-default\">Konut Kredisi<\/h2>\t\t\t\t<\/div>\n\t\t\t\t\t<\/div>\n\t\t<\/div>\n\t\t\t\t\t<\/div>\n\t\t<\/section>\n\t\t\t\t<section class=\"elementor-section elementor-top-section elementor-element elementor-element-9a24bd4 elementor-section-stretched elementor-section-boxed elementor-section-height-default elementor-section-height-default\" data-id=\"9a24bd4\" data-element_type=\"section\" data-e-type=\"section\" data-settings=\"{&quot;stretch_section&quot;:&quot;section-stretched&quot;}\">\n\t\t\t\t\t\t<div class=\"elementor-container elementor-column-gap-extended\">\n\t\t\t\t\t<div class=\"elementor-column elementor-col-50 elementor-top-column elementor-element elementor-element-d8105d7\" data-id=\"d8105d7\" data-element_type=\"column\" data-e-type=\"column\">\n\t\t\t<div class=\"elementor-widget-wrap elementor-element-populated\">\n\t\t\t\t\t\t<div class=\"elementor-element elementor-element-42e8df3 elementor-widget elementor-widget-text-editor\" data-id=\"42e8df3\" data-element_type=\"widget\" data-e-type=\"widget\" data-widget_type=\"text-editor.default\">\n\t\t\t\t\t\t\t\t\t<p style=\"text-align: justify;\">T\u00fcrkiye\u2019de bir gayrimenkul sat\u0131n al\u0131m\u0131n\u0131 finanse etmeniz gerekiyor mu? Istanbul Property Services olarak, hem yerel hem de uluslararas\u0131 yat\u0131r\u0131mc\u0131lara en uygun finansman se\u00e7eneklerini sa\u011flamak i\u00e7in \u00f6zel olarak haz\u0131rlanm\u0131\u015f <strong>mortgage (konut kredisi) \u00e7\u00f6z\u00fcmleri<\/strong> sunuyoruz.<\/p>\n\n<p style=\"text-align: justify;\">Finansmana ihtiya\u00e7 duyuyorsan\u0131z, finansal bilgilerinizi bizimle payla\u015fman\u0131z yeterlidir. Ekibimiz, yat\u0131r\u0131m hedeflerinize en uygun mortgage yap\u0131s\u0131n\u0131 belirlemek i\u00e7in profilinizi dikkatle analiz eder. G\u00fcvenilir finans kurumlar\u0131yla yak\u0131n \u00e7al\u0131\u015farak rekabet\u00e7i \u015fartlar, \u015feffafl\u0131k ve sorunsuz bir onay s\u00fcreci sa\u011fl\u0131yoruz.<\/p>\n\n<p style=\"text-align: justify;\">\u0130htiya\u00e7lar\u0131n\u0131z\u0131 daha iyi anlayabilmek i\u00e7in a\u015fa\u011f\u0131daki bilgileri payla\u015fman\u0131z\u0131 rica ederiz:<\/p>\n\n<ul style=\"text-align: justify;\">\n \t<li>Sat\u0131n almak istedi\u011finiz gayrimenkul\u00fcn de\u011feri<\/li>\n \t<li>Almay\u0131 planlad\u0131\u011f\u0131n\u0131z kredi tutar\u0131<\/li>\n \t<li>Tercih etti\u011finiz ayl\u0131k mortgage \u00f6demesi<\/li>\n \t<li>Mevcut kredi profiliniz (mevcut krediler, mortgage\u2019lar veya finansal y\u00fck\u00fcml\u00fcl\u00fckler)<\/li>\n \t<li>Ayl\u0131k geliriniz<\/li>\n<\/ul>\n\n<p style=\"text-align: justify;\">Bu bilgiler do\u011frultusunda, hem esneklik hem de uzun vadeli finansal s\u00fcrd\u00fcr\u00fclebilirlik sa\u011flayan size \u00f6zel bir finansman stratejisi olu\u015fturaca\u011f\u0131z.<\/p>\t\t\t\t\t\t\t\t<\/div>\n\t\t\t\t\t<\/div>\n\t\t<\/div>\n\t\t\t\t<div class=\"elementor-column elementor-col-50 elementor-top-column elementor-element elementor-element-53cf895\" data-id=\"53cf895\" data-element_type=\"column\" data-e-type=\"column\">\n\t\t\t<div class=\"elementor-widget-wrap elementor-element-populated\">\n\t\t\t\t\t\t\t\t\t\n\t\t\t<img class=\"e-image-base \" \n\t\t\t\t\tdata-interaction-id=\"1cfcd8c\" \n\t\t \n\t\t \n\t\t\t\t\t\t\t\t\tid=\"5492\"\n\t\t\t\t\t\t\t\t\t\t\t\tsrc=\"https:\/\/istanbulpropertyservices.com\/wp-content\/uploads\/2026\/04\/mortage-2.webp\"\n\t\t\t\t\t\t\t\t\t\t\t\twidth=\"1536\"\n\t\t\t\t\t\t\t\t\t\t\t\theight=\"1024\"\n\t\t\t\t\t\t\t\t\t\t\t\tsrcset=\"https:\/\/istanbulpropertyservices.com\/wp-content\/uploads\/2026\/04\/mortage-2.webp 1536w, https:\/\/istanbulpropertyservices.com\/wp-content\/uploads\/2026\/04\/mortage-2-300x200.webp 300w, https:\/\/istanbulpropertyservices.com\/wp-content\/uploads\/2026\/04\/mortage-2-1024x683.webp 1024w, https:\/\/istanbulpropertyservices.com\/wp-content\/uploads\/2026\/04\/mortage-2-768x512.webp 768w, https:\/\/istanbulpropertyservices.com\/wp-content\/uploads\/2026\/04\/mortage-2-600x400.webp 600w\"\n\t\t\t\t\t\t\t\t\t\t\t\talt=\"\"\n\t\t\t\t\t\t\/>\n\t\t\t\t\t\t<\/div>\n\t\t<\/div>\n\t\t\t\t\t<\/div>\n\t\t<\/section>\n\t\t\t\t<section class=\"elementor-section elementor-top-section elementor-element elementor-element-e1e390f elementor-section-stretched elementor-section-boxed elementor-section-height-default elementor-section-height-default\" data-id=\"e1e390f\" data-element_type=\"section\" data-e-type=\"section\" data-settings=\"{&quot;stretch_section&quot;:&quot;section-stretched&quot;,&quot;background_background&quot;:&quot;classic&quot;}\">\n\t\t\t\t\t\t<div class=\"elementor-container elementor-column-gap-extended\">\n\t\t\t\t\t<div class=\"elementor-column elementor-col-100 elementor-top-column elementor-element elementor-element-32af421\" data-id=\"32af421\" data-element_type=\"column\" data-e-type=\"column\">\n\t\t\t<div class=\"elementor-widget-wrap\">\n\t\t\t\t\t\t\t<\/div>\n\t\t<\/div>\n\t\t\t\t\t<\/div>\n\t\t<\/section>\n\t\t\t\t<section class=\"elementor-section elementor-top-section elementor-element elementor-element-c13b22f elementor-section-stretched elementor-section-content-middle elementor-section-boxed elementor-section-height-default elementor-section-height-default\" data-id=\"c13b22f\" data-element_type=\"section\" data-e-type=\"section\" data-settings=\"{&quot;stretch_section&quot;:&quot;section-stretched&quot;,&quot;background_background&quot;:&quot;classic&quot;}\">\n\t\t\t\t\t\t<div class=\"elementor-container elementor-column-gap-extended\">\n\t\t\t\t\t<div class=\"elementor-column elementor-col-50 elementor-top-column elementor-element elementor-element-bdbfb9e\" data-id=\"bdbfb9e\" data-element_type=\"column\" data-e-type=\"column\">\n\t\t\t<div class=\"elementor-widget-wrap elementor-element-populated\">\n\t\t\t\t\t\t<div class=\"elementor-element elementor-element-185513c elementor-widget elementor-widget-heading\" data-id=\"185513c\" data-element_type=\"widget\" data-e-type=\"widget\" data-widget_type=\"heading.default\">\n\t\t\t\t\t<h2 class=\"elementor-heading-title elementor-size-default\">Size \u00d6zel Se\u00e7ilmi\u015f Ola\u011fan\u00fcst\u00fc M\u00fclkler<\/h2>\t\t\t\t<\/div>\n\t\t\t\t<div class=\"elementor-element elementor-element-d625d10 elementor-widget elementor-widget-heading\" data-id=\"d625d10\" data-element_type=\"widget\" data-e-type=\"widget\" data-widget_type=\"heading.default\">\n\t\t\t\t\t<div class=\"elementor-heading-title elementor-size-default\">Kalite, g\u00fcven ve ki\u015fiye \u00f6zel hizmete odaklanan, gayrimenkul sekt\u00f6r\u00fcne yepyeni bir bak\u0131\u015f a\u00e7\u0131s\u0131n\u0131 ke\u015ffedin.<\/div>\t\t\t\t<\/div>\n\t\t\t\t\t<\/div>\n\t\t<\/div>\n\t\t\t\t<div class=\"elementor-column elementor-col-50 elementor-top-column elementor-element elementor-element-3b24417\" data-id=\"3b24417\" data-element_type=\"column\" data-e-type=\"column\">\n\t\t\t<div class=\"elementor-widget-wrap elementor-element-populated\">\n\t\t\t\t\t\t<div class=\"elementor-element elementor-element-c2538ec elementor-align-right elementor-mobile-align-left elementor-widget elementor-widget-button\" data-id=\"c2538ec\" data-element_type=\"widget\" data-e-type=\"widget\" data-widget_type=\"button.default\">\n\t\t\t\t\t\t\t\t\t\t<a class=\"elementor-button elementor-button-link elementor-size-md\" href=\"https:\/\/istanbulpropertyservices.com\/tr\/iletisim\/\">\n\t\t\t\t\t\t<span class=\"elementor-button-content-wrapper\">\n\t\t\t\t\t\t\t\t\t<span class=\"elementor-button-text\">Bize Ula\u015f\u0131n<\/span>\n\t\t\t\t\t<\/span>\n\t\t\t\t\t<\/a>\n\t\t\t\t\t\t\t\t<\/div>\n\t\t\t\t\t<\/div>\n\t\t<\/div>\n\t\t\t\t\t<\/div>\n\t\t<\/section>\n\t\t\t\t<\/div>\n\t\t","protected":false},"excerpt":{"rendered":"<p>Konut Kredisi T\u00fcrkiye\u2019de bir gayrimenkul sat\u0131n al\u0131m\u0131n\u0131 finanse etmeniz gerekiyor mu? Istanbul Property Services olarak, hem yerel hem de uluslararas\u0131 yat\u0131r\u0131mc\u0131lara en uygun finansman se\u00e7eneklerini sa\u011flamak i\u00e7in \u00f6zel olarak haz\u0131rlanm\u0131\u015f mortgage (konut kredisi) \u00e7\u00f6z\u00fcmleri sunuyoruz. Finansmana ihtiya\u00e7 duyuyorsan\u0131z, finansal bilgilerinizi bizimle payla\u015fman\u0131z yeterlidir. Ekibimiz, yat\u0131r\u0131m hedeflerinize en uygun mortgage yap\u0131s\u0131n\u0131 belirlemek i\u00e7in profilinizi dikkatle analiz [&hellip;]<\/p>\n","protected":false},"author":1,"featured_media":0,"parent":0,"menu_order":0,"comment_status":"closed","ping_status":"closed","template":"","meta":{"footnotes":""},"class_list":["post-4708","page","type-page","status-publish","hentry"],"_links":{"self":[{"href":"https:\/\/istanbulpropertyservices.com\/tr\/wp-json\/wp\/v2\/pages\/4708","targetHints":{"allow":["GET"]}}],"collection":[{"href":"https:\/\/istanbulpropertyservices.com\/tr\/wp-json\/wp\/v2\/pages"}],"about":[{"href":"https:\/\/istanbulpropertyservices.com\/tr\/wp-json\/wp\/v2\/types\/page"}],"author":[{"embeddable":true,"href":"https:\/\/istanbulpropertyservices.com\/tr\/wp-json\/wp\/v2\/users\/1"}],"replies":[{"embeddable":true,"href":"https:\/\/istanbulpropertyservices.com\/tr\/wp-json\/wp\/v2\/comments?post=4708"}],"version-history":[{"count":11,"href":"https:\/\/istanbulpropertyservices.com\/tr\/wp-json\/wp\/v2\/pages\/4708\/revisions"}],"predecessor-version":[{"id":6367,"href":"https:\/\/istanbulpropertyservices.com\/tr\/wp-json\/wp\/v2\/pages\/4708\/revisions\/6367"}],"wp:attachment":[{"href":"https:\/\/istanbulpropertyservices.com\/tr\/wp-json\/wp\/v2\/media?parent=4708"}],"curies":[{"name":"wp","href":"https:\/\/api.w.org\/{rel}","templated":true}]}}