{"id":4701,"date":"2026-04-04T01:34:29","date_gmt":"2026-04-04T01:34:29","guid":{"rendered":"https:\/\/istanbulpropertyservices.com\/financial-consulting\/"},"modified":"2026-04-15T22:06:48","modified_gmt":"2026-04-15T22:06:48","slug":"finansal-danismanlik","status":"publish","type":"page","link":"https:\/\/istanbulpropertyservices.com\/tr\/finansal-danismanlik\/","title":{"rendered":"Finansal Dan\u0131\u015fmanl\u0131k"},"content":{"rendered":"\t\t<div data-elementor-type=\"wp-page\" data-elementor-id=\"4701\" class=\"elementor elementor-4701 elementor-4205\">\n\t\t\t\t\t\t<section class=\"elementor-section elementor-top-section elementor-element elementor-element-28a5a67 elementor-section-stretched elementor-section-boxed elementor-section-height-default elementor-section-height-default\" data-id=\"28a5a67\" data-element_type=\"section\" data-e-type=\"section\" data-settings=\"{&quot;stretch_section&quot;:&quot;section-stretched&quot;}\">\n\t\t\t\t\t\t<div class=\"elementor-container elementor-column-gap-extended\">\n\t\t\t\t\t<div class=\"elementor-column elementor-col-100 elementor-top-column elementor-element elementor-element-139804a\" data-id=\"139804a\" data-element_type=\"column\" data-e-type=\"column\">\n\t\t\t<div class=\"elementor-widget-wrap elementor-element-populated\">\n\t\t\t\t\t\t<div class=\"elementor-element elementor-element-79425f9 elementor-widget elementor-widget-heading\" data-id=\"79425f9\" data-element_type=\"widget\" data-e-type=\"widget\" data-widget_type=\"heading.default\">\n\t\t\t\t\t<h2 class=\"elementor-heading-title elementor-size-default\">Finansal Dan\u0131\u015fmanl\u0131k<\/h2>\t\t\t\t<\/div>\n\t\t\t\t\t<\/div>\n\t\t<\/div>\n\t\t\t\t\t<\/div>\n\t\t<\/section>\n\t\t\t\t<section class=\"elementor-section elementor-top-section elementor-element elementor-element-9a24bd4 elementor-section-stretched elementor-section-boxed elementor-section-height-default elementor-section-height-default\" data-id=\"9a24bd4\" data-element_type=\"section\" data-e-type=\"section\" data-settings=\"{&quot;stretch_section&quot;:&quot;section-stretched&quot;}\">\n\t\t\t\t\t\t<div class=\"elementor-container elementor-column-gap-extended\">\n\t\t\t\t\t<div class=\"elementor-column elementor-col-50 elementor-top-column elementor-element elementor-element-d8105d7\" data-id=\"d8105d7\" data-element_type=\"column\" data-e-type=\"column\">\n\t\t\t<div class=\"elementor-widget-wrap elementor-element-populated\">\n\t\t\t\t\t\t<div class=\"elementor-element elementor-element-42e8df3 elementor-widget elementor-widget-text-editor\" data-id=\"42e8df3\" data-element_type=\"widget\" data-e-type=\"widget\" data-widget_type=\"text-editor.default\">\n\t\t\t\t\t\t\t\t\t<p style=\"text-align: justify;\">At <strong>Istanbul Property Services<\/strong>, we provide comprehensive <strong>financial consulting<\/strong> tailored to both individual and corporate investors seeking to maximize the value of their real estate investments. Our approach is built on strategic planning, in-depth market analysis, and a clear understanding of global investment dynamics.<\/p>\n\n<p style=\"text-align: justify;\">We assist our clients in structuring their financial portfolios with precision, ensuring that each investment aligns with their long-term objectives, risk tolerance, and capital strategy. From initial planning to execution, our advisory services cover investment feasibility, return projections, <strong>tax considerations<\/strong>, and asset optimization.<\/p>\n\n<p style=\"text-align: justify;\">By combining financial expertise with real estate market intelligence, we enable our clients to make informed, confident decisions in an increasingly competitive global environment. Our goal is not only to support your <strong>investment<\/strong> today, but to build a sustainable and scalable financial future.<\/p>\t\t\t\t\t\t\t\t<\/div>\n\t\t\t\t\t<\/div>\n\t\t<\/div>\n\t\t\t\t<div class=\"elementor-column elementor-col-50 elementor-top-column elementor-element elementor-element-53cf895\" data-id=\"53cf895\" data-element_type=\"column\" data-e-type=\"column\">\n\t\t\t<div class=\"elementor-widget-wrap elementor-element-populated\">\n\t\t\t\t\t\t\t\t\t\n\t\t\t<img class=\"e-image-base \" \n\t\t\t\t\tdata-interaction-id=\"1cfcd8c\" \n\t\t \n\t\t \n\t\t\t\t\t\t\t\t\tid=\"4702\"\n\t\t\t\t\t\t\t\t\t\t\t\tsrc=\"https:\/\/istanbulpropertyservices.com\/wp-content\/uploads\/2026\/04\/financial-consulting.webp\"\n\t\t\t\t\t\t\t\t\t\t\t\twidth=\"1536\"\n\t\t\t\t\t\t\t\t\t\t\t\theight=\"1024\"\n\t\t\t\t\t\t\t\t\t\t\t\tsrcset=\"https:\/\/istanbulpropertyservices.com\/wp-content\/uploads\/2026\/04\/financial-consulting.webp 1536w, https:\/\/istanbulpropertyservices.com\/wp-content\/uploads\/2026\/04\/financial-consulting-300x200.webp 300w, https:\/\/istanbulpropertyservices.com\/wp-content\/uploads\/2026\/04\/financial-consulting-1024x683.webp 1024w, https:\/\/istanbulpropertyservices.com\/wp-content\/uploads\/2026\/04\/financial-consulting-768x512.webp 768w, https:\/\/istanbulpropertyservices.com\/wp-content\/uploads\/2026\/04\/financial-consulting-600x400.webp 600w\"\n\t\t\t\t\t\t\t\t\t\t\t\talt=\"\"\n\t\t\t\t\t\t\/>\n\t\t\t\t\t\t<\/div>\n\t\t<\/div>\n\t\t\t\t\t<\/div>\n\t\t<\/section>\n\t\t\t\t<section class=\"elementor-section elementor-top-section elementor-element elementor-element-e1e390f elementor-section-stretched elementor-section-boxed elementor-section-height-default elementor-section-height-default\" data-id=\"e1e390f\" data-element_type=\"section\" data-e-type=\"section\" data-settings=\"{&quot;stretch_section&quot;:&quot;section-stretched&quot;,&quot;background_background&quot;:&quot;classic&quot;}\">\n\t\t\t\t\t\t<div class=\"elementor-container elementor-column-gap-extended\">\n\t\t\t\t\t<div class=\"elementor-column elementor-col-100 elementor-top-column elementor-element elementor-element-32af421\" data-id=\"32af421\" data-element_type=\"column\" data-e-type=\"column\">\n\t\t\t<div class=\"elementor-widget-wrap\">\n\t\t\t\t\t\t\t<\/div>\n\t\t<\/div>\n\t\t\t\t\t<\/div>\n\t\t<\/section>\n\t\t\t\t<section class=\"elementor-section elementor-top-section elementor-element elementor-element-03ad7b4 elementor-section-stretched elementor-section-content-middle elementor-section-boxed elementor-section-height-default elementor-section-height-default\" data-id=\"03ad7b4\" data-element_type=\"section\" data-e-type=\"section\" data-settings=\"{&quot;stretch_section&quot;:&quot;section-stretched&quot;,&quot;background_background&quot;:&quot;classic&quot;}\">\n\t\t\t\t\t\t<div class=\"elementor-container elementor-column-gap-extended\">\n\t\t\t\t\t<div class=\"elementor-column elementor-col-50 elementor-top-column elementor-element elementor-element-97e777e\" data-id=\"97e777e\" data-element_type=\"column\" data-e-type=\"column\">\n\t\t\t<div class=\"elementor-widget-wrap elementor-element-populated\">\n\t\t\t\t\t\t<div class=\"elementor-element elementor-element-71fb81c elementor-widget elementor-widget-heading\" data-id=\"71fb81c\" data-element_type=\"widget\" data-e-type=\"widget\" data-widget_type=\"heading.default\">\n\t\t\t\t\t<h2 class=\"elementor-heading-title elementor-size-default\">Size \u00d6zel Se\u00e7ilmi\u015f Ola\u011fan\u00fcst\u00fc M\u00fclkler<\/h2>\t\t\t\t<\/div>\n\t\t\t\t<div class=\"elementor-element elementor-element-00a21bf elementor-widget elementor-widget-heading\" data-id=\"00a21bf\" data-element_type=\"widget\" data-e-type=\"widget\" data-widget_type=\"heading.default\">\n\t\t\t\t\t<div class=\"elementor-heading-title elementor-size-default\">Kalite, g\u00fcven ve ki\u015fiye \u00f6zel hizmete odaklanan, gayrimenkul sekt\u00f6r\u00fcne yepyeni bir bak\u0131\u015f a\u00e7\u0131s\u0131n\u0131 ke\u015ffedin.<\/div>\t\t\t\t<\/div>\n\t\t\t\t\t<\/div>\n\t\t<\/div>\n\t\t\t\t<div class=\"elementor-column elementor-col-50 elementor-top-column elementor-element elementor-element-302e5ec\" data-id=\"302e5ec\" data-element_type=\"column\" data-e-type=\"column\">\n\t\t\t<div class=\"elementor-widget-wrap elementor-element-populated\">\n\t\t\t\t\t\t<div class=\"elementor-element elementor-element-b6be7ae elementor-align-right elementor-mobile-align-left elementor-widget elementor-widget-button\" data-id=\"b6be7ae\" data-element_type=\"widget\" data-e-type=\"widget\" data-widget_type=\"button.default\">\n\t\t\t\t\t\t\t\t\t\t<a class=\"elementor-button elementor-button-link elementor-size-md\" href=\"https:\/\/istanbulpropertyservices.com\/tr\/iletisim\/\">\n\t\t\t\t\t\t<span class=\"elementor-button-content-wrapper\">\n\t\t\t\t\t\t\t\t\t<span class=\"elementor-button-text\">Bize Ula\u015f\u0131n<\/span>\n\t\t\t\t\t<\/span>\n\t\t\t\t\t<\/a>\n\t\t\t\t\t\t\t\t<\/div>\n\t\t\t\t\t<\/div>\n\t\t<\/div>\n\t\t\t\t\t<\/div>\n\t\t<\/section>\n\t\t\t\t<\/div>\n\t\t","protected":false},"excerpt":{"rendered":"<p>Finansal Dan\u0131\u015fmanl\u0131k At Istanbul Property Services, we provide comprehensive financial consulting tailored to both individual and corporate investors seeking to maximize the value of their real estate investments. Our approach is built on strategic planning, in-depth market analysis, and a clear understanding of global investment dynamics. We assist our clients in structuring their financial portfolios [&hellip;]<\/p>\n","protected":false},"author":1,"featured_media":0,"parent":0,"menu_order":0,"comment_status":"closed","ping_status":"closed","template":"","meta":{"footnotes":""},"class_list":["post-4701","page","type-page","status-publish","hentry"],"_links":{"self":[{"href":"https:\/\/istanbulpropertyservices.com\/tr\/wp-json\/wp\/v2\/pages\/4701","targetHints":{"allow":["GET"]}}],"collection":[{"href":"https:\/\/istanbulpropertyservices.com\/tr\/wp-json\/wp\/v2\/pages"}],"about":[{"href":"https:\/\/istanbulpropertyservices.com\/tr\/wp-json\/wp\/v2\/types\/page"}],"author":[{"embeddable":true,"href":"https:\/\/istanbulpropertyservices.com\/tr\/wp-json\/wp\/v2\/users\/1"}],"replies":[{"embeddable":true,"href":"https:\/\/istanbulpropertyservices.com\/tr\/wp-json\/wp\/v2\/comments?post=4701"}],"version-history":[{"count":16,"href":"https:\/\/istanbulpropertyservices.com\/tr\/wp-json\/wp\/v2\/pages\/4701\/revisions"}],"predecessor-version":[{"id":6355,"href":"https:\/\/istanbulpropertyservices.com\/tr\/wp-json\/wp\/v2\/pages\/4701\/revisions\/6355"}],"wp:attachment":[{"href":"https:\/\/istanbulpropertyservices.com\/tr\/wp-json\/wp\/v2\/media?parent=4701"}],"curies":[{"name":"wp","href":"https:\/\/api.w.org\/{rel}","templated":true}]}}